{"id":131,"date":"2024-04-22T07:41:58","date_gmt":"2024-04-22T04:41:58","guid":{"rendered":"http:\/\/bridge75.qodeinteractive.com\/?page_id=5"},"modified":"2025-10-01T15:09:05","modified_gmt":"2025-10-01T12:09:05","slug":"massaaz-tallinnas","status":"publish","type":"page","link":"https:\/\/massaaztallinnas.ee\/en\/","title":{"rendered":"M&#038;P massaa\u017e Tallinnas"},"content":{"rendered":"<div class=\"wpb-content-wrapper\"><p>[vc_row css_animation=&#8221;&#8221; row_type=&#8221;row&#8221; use_row_as_full_screen_section=&#8221;no&#8221; type=&#8221;grid&#8221; angled_section=&#8221;no&#8221; text_align=&#8221;center&#8221; background_image_as_pattern=&#8221;without_pattern&#8221; z_index=&#8221;&#8221; padding_top=&#8221;60&#8243; padding_bottom=&#8221;60&#8243; css=&#8221;.vc_custom_1714139612406{background-color: #fceedb !important;}&#8221;][vc_column][vc_column_text css=&#8221;&#8221;]<\/p>\n<h2>Mass\u00f6\u00f6rid<\/h2>\n<p>[\/vc_column_text][\/vc_column][\/vc_row][vc_row css_animation=&#8221;&#8221; row_type=&#8221;row&#8221; use_row_as_full_screen_section=&#8221;no&#8221; type=&#8221;grid&#8221; angled_section=&#8221;no&#8221; text_align=&#8221;left&#8221; background_image_as_pattern=&#8221;without_pattern&#8221; z_index=&#8221;&#8221; padding_top=&#8221;80&#8243; padding_bottom=&#8221;80&#8243;][vc_column width=&#8221;1\/2&#8243;][vc_single_image image=&#8221;7&#8243; img_size=&#8221;full&#8221; qode_css_animation=&#8221;&#8221;][vc_empty_space height=&#8221;38px&#8221;][vc_column_text css=&#8221;&#8221;]<\/p>\n<h4>P\u00e4ivi<\/h4>\n<p>[\/vc_column_text][vc_empty_space height=&#8221;19px&#8221;][vc_column_text css=&#8221;&#8221;]Mulle v\u00e4ga meeldib see t\u00f6\u00f6 inimestega- alati on r\u00f5\u00f5m kuulda, kui olen suutnud kellegi olemise ja enesetunde massaa\u017eiga paremaks muuta. Olen v\u00e4ga t\u00e4nulik k\u00f5ikidele inimestele, kes on minu juurde j\u00f5udnud (ja k\u00e4ima j\u00e4\u00e4nud). Ootan nende hulka Teidki\/Sindki! [\/vc_column_text][vc_empty_space height=&#8221;19px&#8221;]<a  itemprop=\"url\" href=\"https:\/\/massaaztallinnas.ee\/massoorid\/\" target=\"_self\"  class=\"qbutton  default\" style=\"\">Loe rohkem<\/a>[vc_empty_space height=&#8221;65px&#8221;][\/vc_column][vc_column width=&#8221;1\/2&#8243;][vc_single_image image=&#8221;8&#8243; img_size=&#8221;full&#8221; qode_css_animation=&#8221;&#8221;][vc_empty_space height=&#8221;38px&#8221;][vc_column_text css=&#8221;&#8221;]<\/p>\n<h4>Mi\u0161a<\/h4>\n<p>[\/vc_column_text][vc_empty_space height=&#8221;19px&#8221;][vc_column_text css=&#8221;&#8221;]Minu erip\u00e4raks on see, et olen vaegn\u00e4gija, kuid mass\u00f6\u00f6rina v\u00f5ib sellel olla isegi eelis- inimkeha tunnetus on m\u00f5nev\u00f5rra teine n\u00e4gija omast. Ja mis peamine &#8211; naudin oma t\u00f6\u00f6d, mulle pakub suurimat r\u00f5\u00f5mu, kui olen saanud klienti massaa\u017eiga aidata- tema liigesed-lihased paremini liikuma pannud, valu \u00e4ra v\u00f5tnud v\u00f5i lihtsalt meeleolu parandanud. [\/vc_column_text][vc_empty_space height=&#8221;19px&#8221;]<a  itemprop=\"url\" href=\"https:\/\/massaaztallinnas.ee\/massoorid\/\" target=\"_self\"  class=\"qbutton  default\" style=\"\">Loe rohkem<\/a>[vc_empty_space height=&#8221;65px&#8221;][\/vc_column][\/vc_row][vc_row row_type=&#8221;parallax&#8221; parallax_content_width=&#8221;in_grid&#8221; text_align=&#8221;center&#8221; full_screen_section_height=&#8221;no&#8221; background_image=&#8221;20&#8243;][vc_column css=&#8221;.vc_custom_1468925562913{padding-top: 118px !important;padding-bottom: 112px !important;}&#8221;][vc_column_text css=&#8221;&#8221;]<\/p>\n<h2>Tagasiside<\/h2>\n<p>[\/vc_column_text][vc_empty_space height=&#8221;78px&#8221;]<div class='testimonials_holder clearfix dark'><div class=\"testimonials testimonials_carousel\" data-show-navigation=\"yes\" data-animation-type=\"slide\" data-animation-speed=\"\" data-auto-rotate-slides=\"5\" data-number-per-slide=\"3\"><ul class=\"slides\"><li id=\"testimonials56\" class=\"testimonial_content\"><div class=\"testimonial_content_inner\"><div class=\"testimonial_image_holder\"><img decoding=\"async\" itemprop=\"image\" src=\"https:\/\/massaaztallinnas.ee\/wp-content\/uploads\/2024\/04\/user.png\" \/><\/div><div class=\"testimonial_text_holder\"><div class=\"testimonial_text_inner\" style=\"color: #292929;\"><p style='font-size:14px;color:#292929;'>Olin h\u00e4das oma alaseljaga ja k\u00e4isin Mihhaili juures. Suurep\u00e4rane t\u00f6\u00f6, selg oleks justkui uus. Soovitan soojalt ja tulen alati tagasi.<\/p><p class=\"testimonial_author\" style=\"color: #292929;font-weight: 500;color: #303030;font-size: 18px;\">Merle<\/p><\/div><\/div><\/div><\/li><li id=\"testimonials58\" class=\"testimonial_content\"><div class=\"testimonial_content_inner\"><div class=\"testimonial_image_holder\"><img decoding=\"async\" itemprop=\"image\" src=\"https:\/\/massaaztallinnas.ee\/wp-content\/uploads\/2024\/04\/user.png\" \/><\/div><div class=\"testimonial_text_holder\"><div class=\"testimonial_text_inner\" style=\"color: #292929;\"><p style='font-size:14px;color:#292929;'>Ait\u00e4h v\u00e4ga hea, tugeva ja professionaalse massaa\u017ei eest. Valupunktid leiti t\u00e4pselt \u00f5igetest kohtadest. Hinna ja kvaliteedi suhe on t\u00f5esti erakordselt hea.<\/p><p class=\"testimonial_author\" style=\"color: #292929;font-weight: 500;color: #303030;font-size: 18px;\">Franziska<\/p><\/div><\/div><\/div><\/li><li id=\"testimonials59\" class=\"testimonial_content\"><div class=\"testimonial_content_inner\"><div class=\"testimonial_image_holder\"><img decoding=\"async\" itemprop=\"image\" src=\"https:\/\/massaaztallinnas.ee\/wp-content\/uploads\/2024\/04\/user.png\" \/><\/div><div class=\"testimonial_text_holder\"><div class=\"testimonial_text_inner\" style=\"color: #292929;\"><p style='font-size:14px;color:#292929;'>Hubane kontor Tallinna kesklinnas. V\u00e4ga mugav asukoht. Professionaalne massaa\u017e. M\u00f5ju on m\u00e4rgatav juba p\u00e4rast \u00fchte seanssi.<\/p><p class=\"testimonial_author\" style=\"color: #292929;font-weight: 500;color: #303030;font-size: 18px;\">Alisa<\/p><\/div><\/div><\/div><\/li><li id=\"testimonials501\" class=\"testimonial_content\"><div class=\"testimonial_content_inner\"><div class=\"testimonial_image_holder\"><img decoding=\"async\" itemprop=\"image\" src=\"\" \/><\/div><div class=\"testimonial_text_holder\"><div class=\"testimonial_text_inner\" style=\"color: #292929;\"><p style='font-size:14px;color:#292929;'>Meeldis, et ei silitata, vaid tegemist on korraliku massaa\u017eiga, pole ammu nii korralikku t\u00f6\u00f6tlust saanud. J\u00e4rgmisel p\u00e4eval oli eriti hea olla. Mass\u00f6\u00f6rid teavad, mida nad teevad. Soovitan!<\/p><p class=\"testimonial_author\" style=\"color: #292929;font-weight: 500;color: #303030;font-size: 18px;\">Marko<\/p><\/div><\/div><\/div><\/li><li id=\"testimonials613\" class=\"testimonial_content\"><div class=\"testimonial_content_inner\"><div class=\"testimonial_image_holder\"><img decoding=\"async\" itemprop=\"image\" src=\"\" \/><\/div><div class=\"testimonial_text_holder\"><div class=\"testimonial_text_inner\" style=\"color: #292929;\"><p style='font-size:14px;color:#292929;'>M\u00f5lemad mass\u00f6\u00f6rid on v\u00e4ga head. Erinevate tehnikatega, aga teevad korralikult, nii et k\u00e4in vaheldumisi \u00fche ja teise juures. Aitasid alaseljavaluga ja turi on l\u00e4inud ikka m\u00e4rgatavalt pehmemaks.<\/p><p class=\"testimonial_author\" style=\"color: #292929;font-weight: 500;color: #303030;font-size: 18px;\">Maario<\/p><\/div><\/div><\/div><\/li><\/ul><\/div><\/div>[\/vc_column][\/vc_row][vc_row css_animation=&#8221;&#8221; row_type=&#8221;row&#8221; use_row_as_full_screen_section=&#8221;no&#8221; type=&#8221;grid&#8221; angled_section=&#8221;no&#8221; text_align=&#8221;center&#8221; background_image_as_pattern=&#8221;without_pattern&#8221; css=&#8221;.vc_custom_1468918372956{padding-top: 100px !important;padding-bottom: 125px !important;}&#8221;][vc_column][qode_elements_holder number_of_columns=&#8221;two_columns&#8221;][qode_elements_holder_item vertical_alignment=&#8221;middle&#8221; advanced_animations=&#8221;no&#8221; item_padding_600_768=&#8221;0 0 70px 0&#8243; item_padding_480_600=&#8221;0 0 70px 0&#8243; item_padding_480=&#8221;0 0 70px 0&#8243;][vc_empty_space height=&#8221;19px&#8221;][vc_single_image image=&#8221;25&#8243; img_size=&#8221;full&#8221; qode_css_animation=&#8221;&#8221;][\/qode_elements_holder_item][qode_elements_holder_item vertical_alignment=&#8221;middle&#8221; advanced_animations=&#8221;no&#8221; item_padding=&#8221;0 5%&#8221; item_padding_1024_1280=&#8221;0 0 0 0&#8243; item_padding_768_1024=&#8221;0 0 0 0&#8243; item_padding_600_768=&#8221;0 0 0 0&#8243; item_padding_480_600=&#8221;0 0 0 0&#8243; item_padding_480=&#8221;0 0 0 0&#8243;][vc_column_text]<\/p>\n<h2>Welcome to our yoga studio<\/h2>\n<p>[\/vc_column_text][vc_empty_space height=&#8221;46px&#8221;][vc_column_text css=&#8221;&#8221;]Lorem ipsum dolor sit amet, consectetuer adipiscing elit, sed diam nonummy nibh. Vivamus viverra. Nullam turpis. Vestibulum sed etiam. Euismod tincidunt ut laoreet dolore magna aliquam erat volutpat. Quis nostrud exerci tation ullamcorper suscipit lobortis nisl ut aliquip ex ea commodo consequat. Lorem ipsum dolor sit amet, consectetuer adipiscing elit, sed diam nonummy nibh. Vivamus viverra. Nullam turpis. Vestibulum sed etiam. Euismod tincidunt ut laoreet dolore magna aliquam erat volutpat. Quis nostrud exerci tation ullamcorper suscipit lobortis nisl ut aliquip ex ea commodo consequat.[\/vc_column_text][vc_empty_space height=&#8221;49px&#8221;]<a  itemprop=\"url\" href=\"https:\/\/massaaztallinnas.ee\/artiklid\/\" target=\"_self\"  class=\"qbutton  default\" style=\"\">artiklid<\/a>[\/qode_elements_holder_item][\/qode_elements_holder][\/vc_column][\/vc_row][vc_row row_type=&#8221;parallax&#8221; parallax_content_width=&#8221;in_grid&#8221; text_align=&#8221;left&#8221; full_screen_section_height=&#8221;no&#8221; background_image=&#8221;205&#8243;][vc_column css=&#8221;.vc_custom_1468916384177{padding-top: 100px !important;padding-bottom: 100px !important;}&#8221;][vc_empty_space height=&#8221;108px&#8221;][vc_row_inner row_type=&#8221;row&#8221; type=&#8221;full_width&#8221; text_align=&#8221;left&#8221; css_animation=&#8221;&#8221;][vc_column_inner width=&#8221;1\/2&#8243; offset=&#8221;vc_col-lg-3 vc_col-md-3&#8243;]<div class=\"q_counter_holder  left\" style=\"\" data-digit=\"7\"><span class=\"counter  zero\" style=\"color: #ffffff;\">7<\/span><\/div>[vc_column_text]<\/p>\n<h3><span style=\"color: #ffffff;\">ashtanga yoga<\/span><\/h3>\n<p>[\/vc_column_text][vc_empty_space height=&#8221;50px&#8221;][\/vc_column_inner][vc_column_inner width=&#8221;1\/2&#8243; offset=&#8221;vc_col-lg-3 vc_col-md-3&#8243;]<div class=\"q_counter_holder  left\" style=\"\" data-digit=\"12\"><span class=\"counter  zero\" style=\"color: #ffffff;\">12<\/span><\/div>[vc_column_text]<\/p>\n<h3><span style=\"color: #ffffff;\">hatha\u00a0yoga<\/span><\/h3>\n<p>[\/vc_column_text][vc_empty_space height=&#8221;50px&#8221;][\/vc_column_inner][vc_column_inner width=&#8221;1\/2&#8243; offset=&#8221;vc_col-lg-3 vc_col-md-3&#8243;]<div class=\"q_counter_holder  left\" style=\"\" data-digit=\"3\"><span class=\"counter  zero\" style=\"color: #ffffff;\">3<\/span><\/div>[vc_column_text]<\/p>\n<h3><span style=\"color: #ffffff;\">bikram\u00a0yoga<\/span><\/h3>\n<p>[\/vc_column_text][vc_empty_space height=&#8221;50px&#8221;][\/vc_column_inner][vc_column_inner width=&#8221;1\/2&#8243; offset=&#8221;vc_col-lg-3 vc_col-md-3&#8243;]<div class=\"q_counter_holder  left\" style=\"\" data-digit=\"27\"><span class=\"counter  zero\" style=\"color: #ffffff;\">27<\/span><\/div>[vc_column_text]<\/p>\n<h3><span style=\"color: #ffffff;\">iyengar\u00a0yoga<\/span><\/h3>\n<p>[\/vc_column_text][vc_empty_space height=&#8221;50px&#8221;][\/vc_column_inner][\/vc_row_inner][vc_empty_space height=&#8221;69px&#8221;][\/vc_column][\/vc_row]<\/p>\n<\/div>","protected":false},"excerpt":{"rendered":"<p>[vc_row css_animation=&#8221;&#8221; row_type=&#8221;row&#8221; use_row_as_full_screen_section=&#8221;no&#8221; type=&#8221;grid&#8221; angled_section=&#8221;no&#8221; text_align=&#8221;center&#8221; background_image_as_pattern=&#8221;without_pattern&#8221; z_index=&#8221;&#8221; padding_top=&#8221;60&#8243; padding_bottom=&#8221;60&#8243; css=&#8221;.vc_custom_1714139612406{background-color: #fceedb !important;}&#8221;][vc_column][vc_column_text css=&#8221;&#8221;] Mass\u00f6\u00f6rid [\/vc_column_text][\/vc_column][\/vc_row][vc_row css_animation=&#8221;&#8221; row_type=&#8221;row&#8221; use_row_as_full_screen_section=&#8221;no&#8221; type=&#8221;grid&#8221; angled_section=&#8221;no&#8221; text_align=&#8221;left&#8221; background_image_as_pattern=&#8221;without_pattern&#8221; z_index=&#8221;&#8221; padding_top=&#8221;80&#8243; padding_bottom=&#8221;80&#8243;][vc_column width=&#8221;1\/2&#8243;][vc_single_image image=&#8221;7&#8243; img_size=&#8221;full&#8221; qode_css_animation=&#8221;&#8221;][vc_empty_space height=&#8221;38px&#8221;][vc_column_text css=&#8221;&#8221;] P\u00e4ivi [\/vc_column_text][vc_empty_space height=&#8221;19px&#8221;][vc_column_text css=&#8221;&#8221;]Mulle v\u00e4ga meeldib see t\u00f6\u00f6 inimestega- alati on r\u00f5\u00f5m&#8230;<\/p>\n","protected":false},"author":1,"featured_media":0,"parent":0,"menu_order":0,"comment_status":"closed","ping_status":"closed","template":"full_width.php","meta":{"footnotes":""},"class_list":["post-131","page","type-page","status-publish","hentry"],"yoast_head":"<!-- This site is optimized with the Yoast SEO plugin v24.3 - https:\/\/yoast.com\/wordpress\/plugins\/seo\/ -->\n<title>M&amp;P massaa\u017e Tallinnas | massaaztallinnas.ee<\/title>\n<meta name=\"description\" content=\"Massaa\u017e kogenud ja kutsetunnistusega terapeutide poolt Tallinna kesklinnas v\u00f5i Teie asutuses. L\u00f5\u00f5gastavad ja ravivad massaa\u017eid.\" \/>\n<meta name=\"robots\" content=\"index, follow, max-snippet:-1, max-image-preview:large, max-video-preview:-1\" \/>\n<link rel=\"canonical\" href=\"https:\/\/massaaztallinnas.ee\/en\/\" \/>\n<meta property=\"og:locale\" content=\"en_US\" \/>\n<meta property=\"og:type\" content=\"article\" \/>\n<meta property=\"og:title\" content=\"M&amp;P massaa\u017e Tallinnas | massaaztallinnas.ee\" \/>\n<meta property=\"og:description\" content=\"Massaa\u017e kogenud ja kutsetunnistusega terapeutide poolt Tallinna kesklinnas v\u00f5i Teie asutuses. L\u00f5\u00f5gastavad ja ravivad massaa\u017eid.\" \/>\n<meta property=\"og:url\" content=\"https:\/\/massaaztallinnas.ee\/en\/\" \/>\n<meta property=\"og:site_name\" content=\"massaaztallinnas.ee\" \/>\n<meta property=\"article:modified_time\" content=\"2025-10-01T12:09:05+00:00\" \/>\n<meta property=\"og:image\" content=\"https:\/\/massaaztallinnas.ee\/wp-content\/uploads\/2024\/11\/maja-keskturul.jpeg\" \/>\n\t<meta property=\"og:image:width\" content=\"1110\" \/>\n\t<meta property=\"og:image:height\" content=\"587\" \/>\n\t<meta property=\"og:image:type\" content=\"image\/jpeg\" \/>\n<meta name=\"twitter:card\" content=\"summary_large_image\" \/>\n<meta name=\"twitter:label1\" content=\"Est. reading time\" \/>\n\t<meta name=\"twitter:data1\" content=\"4 minutes\" \/>\n<script type=\"application\/ld+json\" class=\"yoast-schema-graph\">{\"@context\":\"https:\/\/schema.org\",\"@graph\":[{\"@type\":\"WebPage\",\"@id\":\"https:\/\/massaaztallinnas.ee\/en\/\",\"url\":\"https:\/\/massaaztallinnas.ee\/en\/\",\"name\":\"M&P massaa\u017e Tallinnas | massaaztallinnas.ee\",\"isPartOf\":{\"@id\":\"https:\/\/massaaztallinnas.ee\/en\/#website\"},\"datePublished\":\"2024-04-22T04:41:58+00:00\",\"dateModified\":\"2025-10-01T12:09:05+00:00\",\"description\":\"Massaa\u017e kogenud ja kutsetunnistusega terapeutide poolt Tallinna kesklinnas v\u00f5i Teie asutuses. L\u00f5\u00f5gastavad ja ravivad massaa\u017eid.\",\"breadcrumb\":{\"@id\":\"https:\/\/massaaztallinnas.ee\/en\/#breadcrumb\"},\"inLanguage\":\"en-US\",\"potentialAction\":[{\"@type\":\"ReadAction\",\"target\":[[\"https:\/\/massaaztallinnas.ee\/en\/\"]]}]},{\"@type\":\"BreadcrumbList\",\"@id\":\"https:\/\/massaaztallinnas.ee\/en\/#breadcrumb\",\"itemListElement\":[{\"@type\":\"ListItem\",\"position\":1,\"name\":\"Home\",\"item\":\"https:\/\/massaaztallinnas.ee\/en\/\"},{\"@type\":\"ListItem\",\"position\":2,\"name\":\"Massaa\u017e Tallinnas\"}]},{\"@type\":\"WebSite\",\"@id\":\"https:\/\/massaaztallinnas.ee\/en\/#website\",\"url\":\"https:\/\/massaaztallinnas.ee\/en\/\",\"name\":\"massaaztallinnas.ee\",\"description\":\"\",\"potentialAction\":[{\"@type\":\"SearchAction\",\"target\":{\"@type\":\"EntryPoint\",\"urlTemplate\":\"https:\/\/massaaztallinnas.ee\/en\/?s={search_term_string}\"},\"query-input\":{\"@type\":\"PropertyValueSpecification\",\"valueRequired\":true,\"valueName\":\"search_term_string\"}}],\"inLanguage\":\"en-US\"}]}<\/script>\n<!-- \/ Yoast SEO plugin. -->","yoast_head_json":{"title":"M&P massaa\u017e Tallinnas | massaaztallinnas.ee","description":"Massaa\u017e kogenud ja kutsetunnistusega terapeutide poolt Tallinna kesklinnas v\u00f5i Teie asutuses. L\u00f5\u00f5gastavad ja ravivad massaa\u017eid.","robots":{"index":"index","follow":"follow","max-snippet":"max-snippet:-1","max-image-preview":"max-image-preview:large","max-video-preview":"max-video-preview:-1"},"canonical":"https:\/\/massaaztallinnas.ee\/en\/","og_locale":"en_US","og_type":"article","og_title":"M&P massaa\u017e Tallinnas | massaaztallinnas.ee","og_description":"Massaa\u017e kogenud ja kutsetunnistusega terapeutide poolt Tallinna kesklinnas v\u00f5i Teie asutuses. L\u00f5\u00f5gastavad ja ravivad massaa\u017eid.","og_url":"https:\/\/massaaztallinnas.ee\/en\/","og_site_name":"massaaztallinnas.ee","article_modified_time":"2025-10-01T12:09:05+00:00","og_image":[{"width":1110,"height":587,"url":"https:\/\/massaaztallinnas.ee\/wp-content\/uploads\/2024\/11\/maja-keskturul.jpeg","type":"image\/jpeg"}],"twitter_card":"summary_large_image","twitter_misc":{"Est. reading time":"4 minutes"},"schema":{"@context":"https:\/\/schema.org","@graph":[{"@type":"WebPage","@id":"https:\/\/massaaztallinnas.ee\/en\/","url":"https:\/\/massaaztallinnas.ee\/en\/","name":"M&P massaa\u017e Tallinnas | massaaztallinnas.ee","isPartOf":{"@id":"https:\/\/massaaztallinnas.ee\/en\/#website"},"datePublished":"2024-04-22T04:41:58+00:00","dateModified":"2025-10-01T12:09:05+00:00","description":"Massaa\u017e kogenud ja kutsetunnistusega terapeutide poolt Tallinna kesklinnas v\u00f5i Teie asutuses. L\u00f5\u00f5gastavad ja ravivad massaa\u017eid.","breadcrumb":{"@id":"https:\/\/massaaztallinnas.ee\/en\/#breadcrumb"},"inLanguage":"en-US","potentialAction":[{"@type":"ReadAction","target":[["https:\/\/massaaztallinnas.ee\/en\/"]]}]},{"@type":"BreadcrumbList","@id":"https:\/\/massaaztallinnas.ee\/en\/#breadcrumb","itemListElement":[{"@type":"ListItem","position":1,"name":"Home","item":"https:\/\/massaaztallinnas.ee\/en\/"},{"@type":"ListItem","position":2,"name":"Massaa\u017e Tallinnas"}]},{"@type":"WebSite","@id":"https:\/\/massaaztallinnas.ee\/en\/#website","url":"https:\/\/massaaztallinnas.ee\/en\/","name":"massaaztallinnas.ee","description":"","potentialAction":[{"@type":"SearchAction","target":{"@type":"EntryPoint","urlTemplate":"https:\/\/massaaztallinnas.ee\/en\/?s={search_term_string}"},"query-input":{"@type":"PropertyValueSpecification","valueRequired":true,"valueName":"search_term_string"}}],"inLanguage":"en-US"}]}},"_links":{"self":[{"href":"https:\/\/massaaztallinnas.ee\/en\/wp-json\/wp\/v2\/pages\/131","targetHints":{"allow":["GET"]}}],"collection":[{"href":"https:\/\/massaaztallinnas.ee\/en\/wp-json\/wp\/v2\/pages"}],"about":[{"href":"https:\/\/massaaztallinnas.ee\/en\/wp-json\/wp\/v2\/types\/page"}],"author":[{"embeddable":true,"href":"https:\/\/massaaztallinnas.ee\/en\/wp-json\/wp\/v2\/users\/1"}],"replies":[{"embeddable":true,"href":"https:\/\/massaaztallinnas.ee\/en\/wp-json\/wp\/v2\/comments?post=131"}],"version-history":[{"count":5,"href":"https:\/\/massaaztallinnas.ee\/en\/wp-json\/wp\/v2\/pages\/131\/revisions"}],"predecessor-version":[{"id":373,"href":"https:\/\/massaaztallinnas.ee\/en\/wp-json\/wp\/v2\/pages\/131\/revisions\/373"}],"wp:attachment":[{"href":"https:\/\/massaaztallinnas.ee\/en\/wp-json\/wp\/v2\/media?parent=131"}],"curies":[{"name":"wp","href":"https:\/\/api.w.org\/{rel}","templated":true}]}}