{"id":70,"date":"2024-04-22T11:16:52","date_gmt":"2024-04-22T08:16:52","guid":{"rendered":"http:\/\/bridge75.qodeinteractive.com\/?page_id=70"},"modified":"2026-04-07T16:13:31","modified_gmt":"2026-04-07T13:13:31","slug":"massaazid-ja-hinnad","status":"publish","type":"page","link":"https:\/\/massaaztallinnas.ee\/en\/massaazid-ja-hinnad\/","title":{"rendered":"Massages and Prices"},"content":{"rendered":"<div class=\"wpb-content-wrapper\"><p>[vc_row css_animation=&#8221;&#8221; row_type=&#8221;row&#8221; use_row_as_full_screen_section=&#8221;no&#8221; type=&#8221;grid&#8221; angled_section=&#8221;no&#8221; text_align=&#8221;center&#8221; background_image_as_pattern=&#8221;without_pattern&#8221; z_index=&#8221;&#8221; padding_top=&#8221;80&#8243; padding_bottom=&#8221;80&#8243;][vc_column][qode_elements_holder number_of_columns=&#8221;two_columns&#8221;][qode_elements_holder_item vertical_alignment=&#8221;middle&#8221; advanced_animations=&#8221;no&#8221; item_padding=&#8221;0 5%&#8221; item_padding_1024_1280=&#8221;0 0 0 0&#8243; item_padding_768_1024=&#8221;0 0 0 0&#8243; item_padding_600_768=&#8221;0 0 60px 0&#8243; item_padding_480_600=&#8221;0 0 60px 0&#8243; item_padding_480=&#8221;0 0 60px 0&#8243;][vc_column_text css=&#8221;&#8221;]<\/p>\n<h2>Aroomimassaa\u017e<\/h2>\n<p>[\/vc_column_text][vc_empty_space height=&#8221;46px&#8221;][vc_column_text css=&#8221;&#8221;]Aroomimassaa\u017e EI OLE klassikaline massaa\u017e, mida tehakse aroomi\u00f5lidega. Tegemist on massaa\u017eiliigiga, millel on vaid talle omased v\u00f5tted ja tempo, mis on aeglane.[\/vc_column_text][vc_empty_space height=&#8221;49px&#8221;]<a  itemprop=\"url\" href=\"https:\/\/massaaztallinnas.ee\/aroomimassaaz\/\" target=\"_self\"  class=\"qbutton  default\" style=\"\">vaata edasi<\/a>[\/qode_elements_holder_item][qode_elements_holder_item vertical_alignment=&#8221;middle&#8221; advanced_animations=&#8221;no&#8221;][vc_empty_space height=&#8221;19px&#8221;][vc_single_image image=&#8221;171&#8243; img_size=&#8221;full&#8221; css=&#8221;&#8221; qode_css_animation=&#8221;&#8221;][\/qode_elements_holder_item][\/qode_elements_holder][\/vc_column][\/vc_row][vc_row css_animation=&#8221;&#8221; row_type=&#8221;row&#8221; use_row_as_full_screen_section=&#8221;no&#8221; type=&#8221;grid&#8221; angled_section=&#8221;no&#8221; text_align=&#8221;center&#8221; background_image_as_pattern=&#8221;without_pattern&#8221; css=&#8221;.vc_custom_1714139563668{background-color: #fceedb !important;}&#8221; z_index=&#8221;&#8221; padding_top=&#8221;80&#8243; padding_bottom=&#8221;80&#8243;][vc_column][qode_elements_holder number_of_columns=&#8221;two_columns&#8221;][qode_elements_holder_item vertical_alignment=&#8221;middle&#8221; advanced_animations=&#8221;no&#8221; item_padding_600_768=&#8221;0 0 47px 0&#8243; item_padding_480_600=&#8221;0 0 47px 0&#8243; item_padding_480=&#8221;0 0 47px 0&#8243;][vc_single_image image=&#8221;174&#8243; img_size=&#8221;full&#8221; css=&#8221;&#8221; qode_css_animation=&#8221;&#8221;][\/qode_elements_holder_item][qode_elements_holder_item vertical_alignment=&#8221;middle&#8221; advanced_animations=&#8221;no&#8221; item_padding=&#8221;0 5%&#8221; item_padding_1024_1280=&#8221;0 0 0 0&#8243; item_padding_768_1024=&#8221;0 0 0 0&#8243; item_padding_600_768=&#8221;0 0 0 0&#8243; item_padding_480_600=&#8221;0 0 0 0&#8243; item_padding_480=&#8221;0 0 0 0&#8243;][vc_empty_space height=&#8221;25px&#8221;][vc_column_text css=&#8221;&#8221;]<\/p>\n<h2>Tai massaa\u017e laual<\/h2>\n<p>[\/vc_column_text][vc_empty_space height=&#8221;46px&#8221;][vc_column_text css=&#8221;&#8221;]Tegemist on massaa\u017eiliigiga, mida tehakse l\u00e4bi puuvillase riietuse, massaa\u017e koosneb peamiselt venitustest-muljumistest. R\u00fctm on aeglasem, m\u00f5ju (klassikalisest) intensiivsem. Kui klassikalises massaa\u017eis on mitmeid pindmiseid v\u00f5tteid, siis tai massaa\u017eis need praktiliselt puuduvad. Samas- laua peal tehtavas variandis ei ole see siiski nii f\u00fc\u00fcsiline (kui matil tehes), \u201cv\u00f5imlemist\u201d kartma ei pea.[\/vc_column_text][vc_empty_space height=&#8221;49px&#8221;]<a  itemprop=\"url\" href=\"https:\/\/massaaztallinnas.ee\/tai-massaaz-laual\/\" target=\"_self\"  class=\"qbutton  default\" style=\"\">vaata edasi<\/a>[\/qode_elements_holder_item][\/qode_elements_holder][\/vc_column][\/vc_row][vc_row css_animation=&#8221;&#8221; row_type=&#8221;row&#8221; use_row_as_full_screen_section=&#8221;no&#8221; type=&#8221;grid&#8221; angled_section=&#8221;no&#8221; text_align=&#8221;center&#8221; background_image_as_pattern=&#8221;without_pattern&#8221; z_index=&#8221;&#8221; padding_top=&#8221;80&#8243; padding_bottom=&#8221;80&#8243;][vc_column][qode_elements_holder number_of_columns=&#8221;two_columns&#8221;][qode_elements_holder_item vertical_alignment=&#8221;middle&#8221; advanced_animations=&#8221;no&#8221; item_padding=&#8221;0 5%&#8221; item_padding_1024_1280=&#8221;0 0 0 0&#8243; item_padding_768_1024=&#8221;0 0 0 0&#8243; item_padding_600_768=&#8221;0 0 60px 0&#8243; item_padding_480_600=&#8221;0 0 60px 0&#8243; item_padding_480=&#8221;0 0 60px 0&#8243;][vc_column_text css=&#8221;&#8221;]<\/p>\n<h2>Spordimassaa\u017e<\/h2>\n<p>[\/vc_column_text][vc_empty_space height=&#8221;46px&#8221;][vc_column_text css=&#8221;&#8221;]Spordimassaa\u017ei n\u00e4ol on tegemist spetsiifilise ja kiireloomulise massaa\u017eiga, milles on palju voolimis-, muljumis- ja v\u00e4\u00e4namisv\u00f5tteid ja ka venitusi. Massaa\u017ei tehakse v\u00e4hese kreemiga v\u00f5i \u00f5liga otse nahale, jalgu on v\u00f6imalik teha ka l\u00e4bi retuuside.[\/vc_column_text][vc_empty_space height=&#8221;49px&#8221;]<a  itemprop=\"url\" href=\"https:\/\/massaaztallinnas.ee\/spordimassaaz\/\" target=\"_self\"  class=\"qbutton  default\" style=\"\">vaata edasi<\/a>[\/qode_elements_holder_item][qode_elements_holder_item vertical_alignment=&#8221;middle&#8221; advanced_animations=&#8221;no&#8221;][vc_empty_space height=&#8221;19px&#8221;][vc_single_image image=&#8221;177&#8243; img_size=&#8221;full&#8221; css=&#8221;&#8221; qode_css_animation=&#8221;&#8221;][\/qode_elements_holder_item][\/qode_elements_holder][\/vc_column][\/vc_row][vc_row css_animation=&#8221;&#8221; row_type=&#8221;row&#8221; use_row_as_full_screen_section=&#8221;no&#8221; type=&#8221;grid&#8221; angled_section=&#8221;no&#8221; text_align=&#8221;center&#8221; background_image_as_pattern=&#8221;without_pattern&#8221; css=&#8221;.vc_custom_1714139580214{background-color: #fceedb !important;}&#8221; z_index=&#8221;&#8221; padding_top=&#8221;80&#8243; padding_bottom=&#8221;80&#8243;][vc_column][qode_elements_holder number_of_columns=&#8221;two_columns&#8221;][qode_elements_holder_item vertical_alignment=&#8221;middle&#8221; advanced_animations=&#8221;no&#8221; item_padding_600_768=&#8221;0 0 47px 0&#8243; item_padding_480_600=&#8221;0 0 47px 0&#8243; item_padding_480=&#8221;0 0 47px 0&#8243;][vc_single_image image=&#8221;181&#8243; img_size=&#8221;full&#8221; css=&#8221;&#8221; qode_css_animation=&#8221;&#8221;][\/qode_elements_holder_item][qode_elements_holder_item vertical_alignment=&#8221;middle&#8221; advanced_animations=&#8221;no&#8221; item_padding=&#8221;0 5%&#8221; item_padding_1024_1280=&#8221;0 0 0 0&#8243; item_padding_768_1024=&#8221;0 0 0 0&#8243; item_padding_600_768=&#8221;0 0 0 0&#8243; item_padding_480_600=&#8221;0 0 0 0&#8243; item_padding_480=&#8221;0 0 0 0&#8243;][vc_empty_space height=&#8221;25px&#8221;][vc_column_text css=&#8221;&#8221;]<\/p>\n<h2>Kombineeritud klassikaline<\/h2>\n<p>[\/vc_column_text][vc_empty_space height=&#8221;46px&#8221;][vc_column_text css=&#8221;&#8221;]Tegemist on massaa\u017eivariandiga, mis p\u00f5hineb klassikalise massaa\u017ei \u00fclesehitusele, kuid millesse on lisatud v\u00f5tteid teistest massaa\u017eiliikidest (tai, sport, aroom). Algab massaa\u017e keha soojendamisest ja aegamisi l\u00e4hevad v\u00f5tted \u00fcha s\u00fcgavamaks. [\/vc_column_text][vc_empty_space height=&#8221;49px&#8221;]<a  itemprop=\"url\" href=\"https:\/\/massaaztallinnas.ee\/kombineeritud-klassikaline\/\" target=\"_self\"  class=\"qbutton  default\" style=\"\">vaata edasi<\/a>[\/qode_elements_holder_item][\/qode_elements_holder][\/vc_column][\/vc_row]<\/p>\n<\/div>","protected":false},"excerpt":{"rendered":"<p>[vc_row css_animation=&#8221;&#8221; row_type=&#8221;row&#8221; use_row_as_full_screen_section=&#8221;no&#8221; type=&#8221;grid&#8221; angled_section=&#8221;no&#8221; text_align=&#8221;center&#8221; background_image_as_pattern=&#8221;without_pattern&#8221; z_index=&#8221;&#8221; padding_top=&#8221;80&#8243; padding_bottom=&#8221;80&#8243;][vc_column][qode_elements_holder number_of_columns=&#8221;two_columns&#8221;][qode_elements_holder_item vertical_alignment=&#8221;middle&#8221; advanced_animations=&#8221;no&#8221; item_padding=&#8221;0 5%&#8221; item_padding_1024_1280=&#8221;0 0 0 0&#8243; item_padding_768_1024=&#8221;0 0 0 0&#8243; item_padding_600_768=&#8221;0 0 60px 0&#8243; item_padding_480_600=&#8221;0 0 60px 0&#8243; item_padding_480=&#8221;0 0 60px 0&#8243;][vc_column_text css=&#8221;&#8221;] Aroomimassaa\u017e [\/vc_column_text][vc_empty_space height=&#8221;46px&#8221;][vc_column_text css=&#8221;&#8221;]Aroomimassaa\u017e EI OLE klassikaline massaa\u017e,&#8230;<\/p>\n","protected":false},"author":1,"featured_media":0,"parent":0,"menu_order":0,"comment_status":"closed","ping_status":"closed","template":"full_width.php","meta":{"footnotes":""},"class_list":["post-70","page","type-page","status-publish","hentry"],"yoast_head":"<!-- This site is optimized with the Yoast SEO plugin v24.3 - https:\/\/yoast.com\/wordpress\/plugins\/seo\/ -->\n<title>Massages and Prices | massaaztallinnas.ee<\/title>\n<meta name=\"description\" content=\"Massaa\u017eid Tallinnas. Kombineeritud, aroomi-, spordi-, kupu-, n\u00e4omassaa\u017e jt. Massaa\u017eid Teie asutuses ja kodus. Palun k\u00fcsige hinnapakkumist.\" \/>\n<meta name=\"robots\" content=\"index, follow, max-snippet:-1, max-image-preview:large, max-video-preview:-1\" \/>\n<link rel=\"canonical\" href=\"https:\/\/massaaztallinnas.ee\/en\/massaazid-ja-hinnad\/\" \/>\n<meta property=\"og:locale\" content=\"en_US\" \/>\n<meta property=\"og:type\" content=\"article\" \/>\n<meta property=\"og:title\" content=\"Massages and Prices | massaaztallinnas.ee\" \/>\n<meta property=\"og:description\" content=\"Massaa\u017eid Tallinnas. Kombineeritud, aroomi-, spordi-, kupu-, n\u00e4omassaa\u017e jt. Massaa\u017eid Teie asutuses ja kodus. Palun k\u00fcsige hinnapakkumist.\" \/>\n<meta property=\"og:url\" content=\"https:\/\/massaaztallinnas.ee\/en\/massaazid-ja-hinnad\/\" \/>\n<meta property=\"og:site_name\" content=\"massaaztallinnas.ee\" \/>\n<meta property=\"article:modified_time\" content=\"2026-04-07T13:13:31+00:00\" \/>\n<meta property=\"og:image\" content=\"https:\/\/massaaztallinnas.ee\/wp-content\/uploads\/2025\/11\/mihhail.kinkekaart-300x225.jpeg\" \/>\n<meta name=\"twitter:card\" content=\"summary_large_image\" \/>\n<meta name=\"twitter:label1\" content=\"Est. reading time\" \/>\n\t<meta name=\"twitter:data1\" content=\"12 minutes\" \/>\n<script type=\"application\/ld+json\" class=\"yoast-schema-graph\">{\"@context\":\"https:\/\/schema.org\",\"@graph\":[{\"@type\":\"WebPage\",\"@id\":\"https:\/\/massaaztallinnas.ee\/en\/massaazid-ja-hinnad\/\",\"url\":\"https:\/\/massaaztallinnas.ee\/en\/massaazid-ja-hinnad\/\",\"name\":\"Massages and Prices | massaaztallinnas.ee\",\"isPartOf\":{\"@id\":\"https:\/\/massaaztallinnas.ee\/en\/#website\"},\"datePublished\":\"2024-04-22T08:16:52+00:00\",\"dateModified\":\"2026-04-07T13:13:31+00:00\",\"description\":\"Massaa\u017eid Tallinnas. Kombineeritud, aroomi-, spordi-, kupu-, n\u00e4omassaa\u017e jt. Massaa\u017eid Teie asutuses ja kodus. Palun k\u00fcsige hinnapakkumist.\",\"breadcrumb\":{\"@id\":\"https:\/\/massaaztallinnas.ee\/en\/massaazid-ja-hinnad\/#breadcrumb\"},\"inLanguage\":\"en-US\",\"potentialAction\":[{\"@type\":\"ReadAction\",\"target\":[[\"https:\/\/massaaztallinnas.ee\/en\/massaazid-ja-hinnad\/\"]]}]},{\"@type\":\"BreadcrumbList\",\"@id\":\"https:\/\/massaaztallinnas.ee\/en\/massaazid-ja-hinnad\/#breadcrumb\",\"itemListElement\":[{\"@type\":\"ListItem\",\"position\":1,\"name\":\"Home\",\"item\":\"https:\/\/massaaztallinnas.ee\/en\/\"},{\"@type\":\"ListItem\",\"position\":2,\"name\":\"Massaa\u017eid ja hinnad\"}]},{\"@type\":\"WebSite\",\"@id\":\"https:\/\/massaaztallinnas.ee\/en\/#website\",\"url\":\"https:\/\/massaaztallinnas.ee\/en\/\",\"name\":\"massaaztallinnas.ee\",\"description\":\"\",\"potentialAction\":[{\"@type\":\"SearchAction\",\"target\":{\"@type\":\"EntryPoint\",\"urlTemplate\":\"https:\/\/massaaztallinnas.ee\/en\/?s={search_term_string}\"},\"query-input\":{\"@type\":\"PropertyValueSpecification\",\"valueRequired\":true,\"valueName\":\"search_term_string\"}}],\"inLanguage\":\"en-US\"}]}<\/script>\n<!-- \/ Yoast SEO plugin. -->","yoast_head_json":{"title":"Massages and Prices | massaaztallinnas.ee","description":"Massaa\u017eid Tallinnas. Kombineeritud, aroomi-, spordi-, kupu-, n\u00e4omassaa\u017e jt. Massaa\u017eid Teie asutuses ja kodus. Palun k\u00fcsige hinnapakkumist.","robots":{"index":"index","follow":"follow","max-snippet":"max-snippet:-1","max-image-preview":"max-image-preview:large","max-video-preview":"max-video-preview:-1"},"canonical":"https:\/\/massaaztallinnas.ee\/en\/massaazid-ja-hinnad\/","og_locale":"en_US","og_type":"article","og_title":"Massages and Prices | massaaztallinnas.ee","og_description":"Massaa\u017eid Tallinnas. Kombineeritud, aroomi-, spordi-, kupu-, n\u00e4omassaa\u017e jt. Massaa\u017eid Teie asutuses ja kodus. Palun k\u00fcsige hinnapakkumist.","og_url":"https:\/\/massaaztallinnas.ee\/en\/massaazid-ja-hinnad\/","og_site_name":"massaaztallinnas.ee","article_modified_time":"2026-04-07T13:13:31+00:00","og_image":[{"url":"https:\/\/massaaztallinnas.ee\/wp-content\/uploads\/2025\/11\/mihhail.kinkekaart-300x225.jpeg","type":"","width":"","height":""}],"twitter_card":"summary_large_image","twitter_misc":{"Est. reading time":"12 minutes"},"schema":{"@context":"https:\/\/schema.org","@graph":[{"@type":"WebPage","@id":"https:\/\/massaaztallinnas.ee\/en\/massaazid-ja-hinnad\/","url":"https:\/\/massaaztallinnas.ee\/en\/massaazid-ja-hinnad\/","name":"Massages and Prices | massaaztallinnas.ee","isPartOf":{"@id":"https:\/\/massaaztallinnas.ee\/en\/#website"},"datePublished":"2024-04-22T08:16:52+00:00","dateModified":"2026-04-07T13:13:31+00:00","description":"Massaa\u017eid Tallinnas. Kombineeritud, aroomi-, spordi-, kupu-, n\u00e4omassaa\u017e jt. Massaa\u017eid Teie asutuses ja kodus. Palun k\u00fcsige hinnapakkumist.","breadcrumb":{"@id":"https:\/\/massaaztallinnas.ee\/en\/massaazid-ja-hinnad\/#breadcrumb"},"inLanguage":"en-US","potentialAction":[{"@type":"ReadAction","target":[["https:\/\/massaaztallinnas.ee\/en\/massaazid-ja-hinnad\/"]]}]},{"@type":"BreadcrumbList","@id":"https:\/\/massaaztallinnas.ee\/en\/massaazid-ja-hinnad\/#breadcrumb","itemListElement":[{"@type":"ListItem","position":1,"name":"Home","item":"https:\/\/massaaztallinnas.ee\/en\/"},{"@type":"ListItem","position":2,"name":"Massaa\u017eid ja hinnad"}]},{"@type":"WebSite","@id":"https:\/\/massaaztallinnas.ee\/en\/#website","url":"https:\/\/massaaztallinnas.ee\/en\/","name":"massaaztallinnas.ee","description":"","potentialAction":[{"@type":"SearchAction","target":{"@type":"EntryPoint","urlTemplate":"https:\/\/massaaztallinnas.ee\/en\/?s={search_term_string}"},"query-input":{"@type":"PropertyValueSpecification","valueRequired":true,"valueName":"search_term_string"}}],"inLanguage":"en-US"}]}},"_links":{"self":[{"href":"https:\/\/massaaztallinnas.ee\/en\/wp-json\/wp\/v2\/pages\/70","targetHints":{"allow":["GET"]}}],"collection":[{"href":"https:\/\/massaaztallinnas.ee\/en\/wp-json\/wp\/v2\/pages"}],"about":[{"href":"https:\/\/massaaztallinnas.ee\/en\/wp-json\/wp\/v2\/types\/page"}],"author":[{"embeddable":true,"href":"https:\/\/massaaztallinnas.ee\/en\/wp-json\/wp\/v2\/users\/1"}],"replies":[{"embeddable":true,"href":"https:\/\/massaaztallinnas.ee\/en\/wp-json\/wp\/v2\/comments?post=70"}],"version-history":[{"count":5,"href":"https:\/\/massaaztallinnas.ee\/en\/wp-json\/wp\/v2\/pages\/70\/revisions"}],"predecessor-version":[{"id":713,"href":"https:\/\/massaaztallinnas.ee\/en\/wp-json\/wp\/v2\/pages\/70\/revisions\/713"}],"wp:attachment":[{"href":"https:\/\/massaaztallinnas.ee\/en\/wp-json\/wp\/v2\/media?parent=70"}],"curies":[{"name":"wp","href":"https:\/\/api.w.org\/{rel}","templated":true}]}}