{"id":91,"date":"2024-04-22T11:42:43","date_gmt":"2024-04-22T08:42:43","guid":{"rendered":"http:\/\/bridge75.qodeinteractive.com\/?page_id=91"},"modified":"2025-11-28T15:15:53","modified_gmt":"2025-11-28T13:15:53","slug":"broneeri","status":"publish","type":"page","link":"https:\/\/massaaztallinnas.ee\/en\/broneeri\/","title":{"rendered":"Broneeri"},"content":{"rendered":"<div class=\"wpb-content-wrapper\"><p>[vc_row css_animation=&#8221;&#8221; row_type=&#8221;row&#8221; use_row_as_full_screen_section=&#8221;no&#8221; type=&#8221;grid&#8221; angled_section=&#8221;no&#8221; text_align=&#8221;center&#8221; background_image_as_pattern=&#8221;without_pattern&#8221; css=&#8221;.vc_custom_1468931949504{padding-top: 135px !important;padding-bottom: 44px !important;}&#8221;][vc_column css=&#8221;.vc_custom_1468931700478{padding-right: 7% !important;padding-left: 7% !important;}&#8221; offset=&#8221;vc_col-lg-6 vc_col-md-6&#8243;][vc_column_text css=&#8221;&#8221;]<\/p>\n<h2>V\u00f5ssotski Massa\u017eistuudio O\u00dc<\/h2>\n<p>[\/vc_column_text][vc_empty_space height=&#8221;46px&#8221;][vc_column_text css=&#8221;&#8221;]Aadress: Torupilli ots 2, 10113 Tallinn, Eesti<br \/>\nReg number 16106261[\/vc_column_text][vc_empty_space height=&#8221;30px&#8221;][vc_raw_html css=&#8221;&#8221;]JTNDaWZyYW1lJTIwc3JjJTNEJTIyaHR0cHMlM0ElMkYlMkZ3d3cuZ29vZ2xlLmNvbSUyRm1hcHMlMkZlbWJlZCUzRnBiJTNEJTIxMW0xOCUyMTFtMTIlMjExbTMlMjExZDIwMjkuMTE2NjA0OTA2NDI3NyUyMTJkMjQuNzY1OTEyNjEzMDEzMzIlMjEzZDU5LjQzMTEyOTc3NDU1ODAxNiUyMTJtMyUyMTFmMCUyMTJmMCUyMTNmMCUyMTNtMiUyMTFpMTAyNCUyMTJpNzY4JTIxNGYxMy4xJTIxM20zJTIxMW0yJTIxMXMweDQ2OTI5NGE3N2Q0NDZjZTclMjUzQTB4OTc4NDA5NGRiMzE3NjliJTIxMnNUb3J1cGlsbGklMjUyMG90cyUyNTIwMiUyNTJDJTI1MjAxMDExMyUyNTIwVGFsbGlubiUyMTVlMCUyMTNtMiUyMTFzZXQlMjEyc2VlJTIxNHYxNzE0MTM3MjE4OTk1JTIxNW0yJTIxMXNldCUyMTJzZWUlMjIlMjB3aWR0aCUzRCUyMjEwMCUyNSUyMiUyMGhlaWdodCUzRCUyMjM1MCUyMiUyMHN0eWxlJTNEJTIyYm9yZGVyJTNBMCUzQiUyMiUyMGFsbG93ZnVsbHNjcmVlbiUzRCUyMiUyMiUyMGxvYWRpbmclM0QlMjJsYXp5JTIyJTIwcmVmZXJyZXJwb2xpY3klM0QlMjJuby1yZWZlcnJlci13aGVuLWRvd25ncmFkZSUyMiUzRSUzQyUyRmlmcmFtZSUzRQ==[\/vc_raw_html][vc_empty_space height=&#8221;70px&#8221;][\/vc_column][vc_column offset=&#8221;vc_col-lg-6 vc_col-md-6&#8243;][vc_empty_space height=&#8221;5px&#8221;]\n<div class=\"wpcf7 no-js\" id=\"wpcf7-f11-o1\" lang=\"et\" dir=\"ltr\" data-wpcf7-id=\"11\">\n<div class=\"screen-reader-response\"><p role=\"status\" aria-live=\"polite\" aria-atomic=\"true\"><\/p> <ul><\/ul><\/div>\n<form action=\"\/en\/wp-json\/wp\/v2\/pages\/91#wpcf7-f11-o1\" method=\"post\" class=\"wpcf7-form init cf7_custom_style_1\" aria-label=\"Contact form\" novalidate=\"novalidate\" data-status=\"init\">\n<fieldset class=\"hidden-fields-container\"><input type=\"hidden\" name=\"_wpcf7\" value=\"11\" \/><input type=\"hidden\" name=\"_wpcf7_version\" value=\"6.1.5\" \/><input type=\"hidden\" name=\"_wpcf7_locale\" value=\"et\" \/><input type=\"hidden\" name=\"_wpcf7_unit_tag\" value=\"wpcf7-f11-o1\" \/><input type=\"hidden\" name=\"_wpcf7_container_post\" value=\"0\" \/><input type=\"hidden\" name=\"_wpcf7_posted_data_hash\" value=\"\" \/><input type=\"hidden\" name=\"_wpcf7_recaptcha_response\" value=\"\" \/>\n<\/fieldset>\n<p><label> Nimi*<br \/>\n<span class=\"wpcf7-form-control-wrap\" data-name=\"your-name\"><input size=\"40\" maxlength=\"400\" class=\"wpcf7-form-control wpcf7-text wpcf7-validates-as-required\" autocomplete=\"name\" aria-required=\"true\" aria-invalid=\"false\" value=\"\" type=\"text\" name=\"your-name\" \/><\/span> <\/label>\n<\/p>\n<p><label> E-mail*<br \/>\n<span class=\"wpcf7-form-control-wrap\" data-name=\"your-email\"><input size=\"40\" maxlength=\"400\" class=\"wpcf7-form-control wpcf7-email wpcf7-validates-as-required wpcf7-text wpcf7-validates-as-email\" autocomplete=\"email\" aria-required=\"true\" aria-invalid=\"false\" value=\"\" type=\"email\" name=\"your-email\" \/><\/span> <\/label>\n<\/p>\n<p><label> Teema*<br \/>\n<span class=\"wpcf7-form-control-wrap\" data-name=\"your-subject\"><input size=\"40\" maxlength=\"400\" class=\"wpcf7-form-control wpcf7-text wpcf7-validates-as-required\" aria-required=\"true\" aria-invalid=\"false\" value=\"\" type=\"text\" name=\"your-subject\" \/><\/span> <\/label>\n<\/p>\n<p><label> Teade*<br \/>\n<span class=\"wpcf7-form-control-wrap\" data-name=\"your-message\"><textarea cols=\"40\" rows=\"10\" maxlength=\"2000\" class=\"wpcf7-form-control wpcf7-textarea wpcf7-validates-as-required\" aria-required=\"true\" aria-invalid=\"false\" name=\"your-message\"><\/textarea><\/span> <\/label>\n<\/p>\n<p><input class=\"wpcf7-form-control wpcf7-submit has-spinner\" type=\"submit\" value=\"Saada\" \/>\n<\/p><div class=\"wpcf7-response-output\" aria-hidden=\"true\"><\/div>\n<\/form>\n<\/div>\n[vc_empty_space height=&#8221;70px&#8221;][\/vc_column][\/vc_row]<\/p>\n<\/div>","protected":false},"excerpt":{"rendered":"<p>[vc_row css_animation=&#8221;&#8221; row_type=&#8221;row&#8221; use_row_as_full_screen_section=&#8221;no&#8221; type=&#8221;grid&#8221; angled_section=&#8221;no&#8221; text_align=&#8221;center&#8221; background_image_as_pattern=&#8221;without_pattern&#8221; css=&#8221;.vc_custom_1468931949504{padding-top: 135px !important;padding-bottom: 44px !important;}&#8221;][vc_column css=&#8221;.vc_custom_1468931700478{padding-right: 7% !important;padding-left: 7% !important;}&#8221; offset=&#8221;vc_col-lg-6 vc_col-md-6&#8243;][vc_column_text css=&#8221;&#8221;] V\u00f5ssotski Massa\u017eistuudio O\u00dc [\/vc_column_text][vc_empty_space height=&#8221;46px&#8221;][vc_column_text css=&#8221;&#8221;]Aadress: Torupilli ots 2, 10113 Tallinn, Eesti Reg number 16106261[\/vc_column_text][vc_empty_space height=&#8221;30px&#8221;][vc_raw_html css=&#8221;&#8221;]JTNDaWZyYW1lJTIwc3JjJTNEJTIyaHR0cHMlM0ElMkYlMkZ3d3cuZ29vZ2xlLmNvbSUyRm1hcHMlMkZlbWJlZCUzRnBiJTNEJTIxMW0xOCUyMTFtMTIlMjExbTMlMjExZDIwMjkuMTE2NjA0OTA2NDI3NyUyMTJkMjQuNzY1OTEyNjEzMDEzMzIlMjEzZDU5LjQzMTEyOTc3NDU1ODAxNiUyMTJtMyUyMTFmMCUyMTJmMCUyMTNmMCUyMTNtMiUyMTFpMTAyNCUyMTJpNzY4JTIxNGYxMy4xJTIxM20zJTIxMW0yJTIxMXMweDQ2OTI5NGE3N2Q0NDZjZTclMjUzQTB4OTc4NDA5NGRiMzE3NjliJTIxMnNUb3J1cGlsbGklMjUyMG90cyUyNTIwMiUyNTJDJTI1MjAxMDExMyUyNTIwVGFsbGlubiUyMTVlMCUyMTNtMiUyMTFzZXQlMjEyc2VlJTIxNHYxNzE0MTM3MjE4OTk1JTIxNW0yJTIxMXNldCUyMTJzZWUlMjIlMjB3aWR0aCUzRCUyMjEwMCUyNSUyMiUyMGhlaWdodCUzRCUyMjM1MCUyMiUyMHN0eWxlJTNEJTIyYm9yZGVyJTNBMCUzQiUyMiUyMGFsbG93ZnVsbHNjcmVlbiUzRCUyMiUyMiUyMGxvYWRpbmclM0QlMjJsYXp5JTIyJTIwcmVmZXJyZXJwb2xpY3klM0QlMjJuby1yZWZlcnJlci13aGVuLWRvd25ncmFkZSUyMiUzRSUzQyUyRmlmcmFtZSUzRQ==[\/vc_raw_html][vc_empty_space height=&#8221;70px&#8221;][\/vc_column][vc_column offset=&#8221;vc_col-lg-6 vc_col-md-6&#8243;][vc_empty_space height=&#8221;5px&#8221;][vc_empty_space height=&#8221;70px&#8221;][\/vc_column][\/vc_row]<\/p>\n","protected":false},"author":1,"featured_media":0,"parent":0,"menu_order":0,"comment_status":"closed","ping_status":"closed","template":"full_width.php","meta":{"footnotes":""},"class_list":["post-91","page","type-page","status-publish","hentry"],"yoast_head":"<!-- This site is optimized with the Yoast SEO plugin v24.3 - https:\/\/yoast.com\/wordpress\/plugins\/seo\/ -->\n<title>Broneeri | massaaztallinnas.ee<\/title>\n<meta name=\"description\" content=\"Broneeri aeg massaa\u017eiks meie veebilehel. Vali erinevate massaa\u017eiteenuste hulgast, et leida endale sobivaim ja naudi professionaalset l\u00f5\u00f5gastust Tallinnas.\" \/>\n<meta name=\"robots\" content=\"index, follow, max-snippet:-1, max-image-preview:large, max-video-preview:-1\" \/>\n<link rel=\"canonical\" href=\"https:\/\/massaaztallinnas.ee\/en\/broneeri\/\" \/>\n<meta property=\"og:locale\" content=\"en_US\" \/>\n<meta property=\"og:type\" content=\"article\" \/>\n<meta property=\"og:title\" content=\"Broneeri | massaaztallinnas.ee\" \/>\n<meta property=\"og:description\" content=\"Broneeri aeg massaa\u017eiks meie veebilehel. Vali erinevate massaa\u017eiteenuste hulgast, et leida endale sobivaim ja naudi professionaalset l\u00f5\u00f5gastust Tallinnas.\" \/>\n<meta property=\"og:url\" content=\"https:\/\/massaaztallinnas.ee\/en\/broneeri\/\" \/>\n<meta property=\"og:site_name\" content=\"massaaztallinnas.ee\" \/>\n<meta property=\"article:modified_time\" content=\"2025-11-28T13:15:53+00:00\" \/>\n<meta name=\"twitter:card\" content=\"summary_large_image\" \/>\n<meta name=\"twitter:label1\" content=\"Est. reading time\" \/>\n\t<meta name=\"twitter:data1\" content=\"1 minute\" \/>\n<script type=\"application\/ld+json\" class=\"yoast-schema-graph\">{\"@context\":\"https:\/\/schema.org\",\"@graph\":[{\"@type\":\"WebPage\",\"@id\":\"https:\/\/massaaztallinnas.ee\/en\/broneeri\/\",\"url\":\"https:\/\/massaaztallinnas.ee\/en\/broneeri\/\",\"name\":\"Broneeri | massaaztallinnas.ee\",\"isPartOf\":{\"@id\":\"https:\/\/massaaztallinnas.ee\/en\/#website\"},\"datePublished\":\"2024-04-22T08:42:43+00:00\",\"dateModified\":\"2025-11-28T13:15:53+00:00\",\"description\":\"Broneeri aeg massaa\u017eiks meie veebilehel. Vali erinevate massaa\u017eiteenuste hulgast, et leida endale sobivaim ja naudi professionaalset l\u00f5\u00f5gastust Tallinnas.\",\"breadcrumb\":{\"@id\":\"https:\/\/massaaztallinnas.ee\/en\/broneeri\/#breadcrumb\"},\"inLanguage\":\"en-US\",\"potentialAction\":[{\"@type\":\"ReadAction\",\"target\":[[\"https:\/\/massaaztallinnas.ee\/en\/broneeri\/\"]]}]},{\"@type\":\"BreadcrumbList\",\"@id\":\"https:\/\/massaaztallinnas.ee\/en\/broneeri\/#breadcrumb\",\"itemListElement\":[{\"@type\":\"ListItem\",\"position\":1,\"name\":\"Home\",\"item\":\"https:\/\/massaaztallinnas.ee\/en\/\"},{\"@type\":\"ListItem\",\"position\":2,\"name\":\"Broneeri\"}]},{\"@type\":\"WebSite\",\"@id\":\"https:\/\/massaaztallinnas.ee\/en\/#website\",\"url\":\"https:\/\/massaaztallinnas.ee\/en\/\",\"name\":\"massaaztallinnas.ee\",\"description\":\"\",\"potentialAction\":[{\"@type\":\"SearchAction\",\"target\":{\"@type\":\"EntryPoint\",\"urlTemplate\":\"https:\/\/massaaztallinnas.ee\/en\/?s={search_term_string}\"},\"query-input\":{\"@type\":\"PropertyValueSpecification\",\"valueRequired\":true,\"valueName\":\"search_term_string\"}}],\"inLanguage\":\"en-US\"}]}<\/script>\n<!-- \/ Yoast SEO plugin. -->","yoast_head_json":{"title":"Broneeri | massaaztallinnas.ee","description":"Broneeri aeg massaa\u017eiks meie veebilehel. Vali erinevate massaa\u017eiteenuste hulgast, et leida endale sobivaim ja naudi professionaalset l\u00f5\u00f5gastust Tallinnas.","robots":{"index":"index","follow":"follow","max-snippet":"max-snippet:-1","max-image-preview":"max-image-preview:large","max-video-preview":"max-video-preview:-1"},"canonical":"https:\/\/massaaztallinnas.ee\/en\/broneeri\/","og_locale":"en_US","og_type":"article","og_title":"Broneeri | massaaztallinnas.ee","og_description":"Broneeri aeg massaa\u017eiks meie veebilehel. Vali erinevate massaa\u017eiteenuste hulgast, et leida endale sobivaim ja naudi professionaalset l\u00f5\u00f5gastust Tallinnas.","og_url":"https:\/\/massaaztallinnas.ee\/en\/broneeri\/","og_site_name":"massaaztallinnas.ee","article_modified_time":"2025-11-28T13:15:53+00:00","twitter_card":"summary_large_image","twitter_misc":{"Est. reading time":"1 minute"},"schema":{"@context":"https:\/\/schema.org","@graph":[{"@type":"WebPage","@id":"https:\/\/massaaztallinnas.ee\/en\/broneeri\/","url":"https:\/\/massaaztallinnas.ee\/en\/broneeri\/","name":"Broneeri | massaaztallinnas.ee","isPartOf":{"@id":"https:\/\/massaaztallinnas.ee\/en\/#website"},"datePublished":"2024-04-22T08:42:43+00:00","dateModified":"2025-11-28T13:15:53+00:00","description":"Broneeri aeg massaa\u017eiks meie veebilehel. Vali erinevate massaa\u017eiteenuste hulgast, et leida endale sobivaim ja naudi professionaalset l\u00f5\u00f5gastust Tallinnas.","breadcrumb":{"@id":"https:\/\/massaaztallinnas.ee\/en\/broneeri\/#breadcrumb"},"inLanguage":"en-US","potentialAction":[{"@type":"ReadAction","target":[["https:\/\/massaaztallinnas.ee\/en\/broneeri\/"]]}]},{"@type":"BreadcrumbList","@id":"https:\/\/massaaztallinnas.ee\/en\/broneeri\/#breadcrumb","itemListElement":[{"@type":"ListItem","position":1,"name":"Home","item":"https:\/\/massaaztallinnas.ee\/en\/"},{"@type":"ListItem","position":2,"name":"Broneeri"}]},{"@type":"WebSite","@id":"https:\/\/massaaztallinnas.ee\/en\/#website","url":"https:\/\/massaaztallinnas.ee\/en\/","name":"massaaztallinnas.ee","description":"","potentialAction":[{"@type":"SearchAction","target":{"@type":"EntryPoint","urlTemplate":"https:\/\/massaaztallinnas.ee\/en\/?s={search_term_string}"},"query-input":{"@type":"PropertyValueSpecification","valueRequired":true,"valueName":"search_term_string"}}],"inLanguage":"en-US"}]}},"_links":{"self":[{"href":"https:\/\/massaaztallinnas.ee\/en\/wp-json\/wp\/v2\/pages\/91","targetHints":{"allow":["GET"]}}],"collection":[{"href":"https:\/\/massaaztallinnas.ee\/en\/wp-json\/wp\/v2\/pages"}],"about":[{"href":"https:\/\/massaaztallinnas.ee\/en\/wp-json\/wp\/v2\/types\/page"}],"author":[{"embeddable":true,"href":"https:\/\/massaaztallinnas.ee\/en\/wp-json\/wp\/v2\/users\/1"}],"replies":[{"embeddable":true,"href":"https:\/\/massaaztallinnas.ee\/en\/wp-json\/wp\/v2\/comments?post=91"}],"version-history":[{"count":5,"href":"https:\/\/massaaztallinnas.ee\/en\/wp-json\/wp\/v2\/pages\/91\/revisions"}],"predecessor-version":[{"id":668,"href":"https:\/\/massaaztallinnas.ee\/en\/wp-json\/wp\/v2\/pages\/91\/revisions\/668"}],"wp:attachment":[{"href":"https:\/\/massaaztallinnas.ee\/en\/wp-json\/wp\/v2\/media?parent=91"}],"curies":[{"name":"wp","href":"https:\/\/api.w.org\/{rel}","templated":true}]}}