{"id":108,"date":"2024-04-22T12:48:44","date_gmt":"2024-04-22T09:48:44","guid":{"rendered":"http:\/\/bridge75.qodeinteractive.com\/?page_id=108"},"modified":"2025-07-07T18:11:46","modified_gmt":"2025-07-07T15:11:46","slug":"massoorid","status":"publish","type":"page","link":"https:\/\/massaaztallinnas.ee\/ru\/massoorid\/","title":{"rendered":"Mass\u00f6\u00f6rid"},"content":{"rendered":"<div class=\"wpb-content-wrapper\"><p>[vc_row css_animation=&#187;&#187; row_type=&#187;row&#187; use_row_as_full_screen_section=&#187;no&#187; type=&#187;grid&#187; angled_section=&#187;no&#187; text_align=&#187;left&#187; background_image_as_pattern=&#187;without_pattern&#187; z_index=&#187;&#187; padding_top=&#187;80&#8243; padding_bottom=&#187;80&#8243;][vc_column width=&#187;1\/2&#8243;][vc_single_image image=&#187;7&#8243; img_size=&#187;full&#187; qode_css_animation=&#187;&#187;][vc_empty_space height=&#187;38px&#187;][vc_column_text css=&#187;&#187;]<\/p>\n<h4>P\u00e4ivi<\/h4>\n<p>[\/vc_column_text][vc_empty_space height=&#187;19px&#187;][vc_column_text css=&#187;&#187;]Tere!<\/p>\n<p>&nbsp;<\/p>\n<p>Minu nimi on P\u00e4ivi Randver, olen noormass\u00f6\u00f6r, kes on \u00e4sja l\u00f5petanud on-site, klassikalise ja tai massaa\u017ei kursused, tudeerin hetkel Eesti Teraapia- ja Massaa\u017eikoolis aroomimassaa\u017ei, lisaks on k\u00e4esoleva aasta v\u00e4ltel plaanis l\u00e4bida veel spordi-, l\u00fcmfi-, segment- ja lastemassaa\u017ei kursused.<br \/>\nEesm\u00e4rgiks on k\u00e4esoleva aasta l\u00f5puks saada k\u00e4tte ka kutsetunnistus.<\/p>\n<p>&nbsp;<\/p>\n<p>Klassikalise massaa\u017ei \u00f5ppimise j\u00e4rel ja aegselt hakkasin kohe tegelema massaa\u017ei pakkumisega klientidele, t\u00e4naseks on mul v\u00e4lja kujunenud oma p\u00fcsikliendid ning pakun massaa\u017ei erinevates firmades (BF Finance, Orkla, Eolane jm). Pakun peamiselt keskmise tugevusega l\u00f5\u00f5gastavat massaa\u017ei, kuhu olen kombineerinud v\u00f5tteid erinevatest massaa\u017eiliikidest.<\/p>\n<p>&nbsp;<\/p>\n<p>Mulle v\u00e4ga meeldib see t\u00f6\u00f6 inimestega- alati on r\u00f5\u00f5m kuulda, kui olen suutnud kellegi olemise ja enesetunde massaa\u017eiga paremaks muuta. Olen v\u00e4ga t\u00e4nulik k\u00f5ikidele inimestele, kes on minu juurde j\u00f5udnud (ja k\u00e4ima j\u00e4\u00e4nud). Ootan nende hulka Teidki\/Sindki!<\/p>\n<p>&nbsp;<\/p>\n<p>Telefon: 581 43 032 (suhtluskeeled eesti, inglise)[\/vc_column_text][vc_empty_space height=&#187;15px&#187;]<span class='q_social_icon_holder circle_social' data-color=#fdf5ea ><a itemprop='url' href='https:\/\/www.facebook.com\/massoorpivi' target='_blank'><span class='fa-stack fa-lg' style='background-color: #28373b;'><i class=\"qode_icon_font_awesome fa fa-facebook \" style=\"color: #fdf5ea;\" ><\/i><\/span><\/a><\/span>[vc_empty_space height=&#187;65px&#187;][\/vc_column][vc_column width=&#187;1\/2&#8243;][vc_single_image image=&#187;8&#8243; img_size=&#187;full&#187; qode_css_animation=&#187;&#187;][vc_empty_space height=&#187;38px&#187;][vc_column_text css=&#187;&#187;]<\/p>\n<h4>Mi\u0161a<\/h4>\n<p>[\/vc_column_text][vc_empty_space height=&#187;19px&#187;][vc_column_text css=&#187;&#187;]Tere,<\/p>\n<p>&nbsp;<\/p>\n<p>Minu nimi on Mihhail V\u00f5ssotski. Olen \u00fcle 10-aastase kogemusega mass\u00f6\u00f6r, olemas on ka kutsetunnistus (nr 182628).<\/p>\n<p>&nbsp;<\/p>\n<p>L\u00e4bisin massaa\u017ei baaskursuse aastal 2009 Eesti Pimemass\u00f6\u00f6ride Koolitus- ja Massaa\u017eikeskuses Jaak Grossi juhendamisel ja p\u00e4rast seda olen k\u00e4inud mitmel erineval t\u00e4ienduskursusel nii Martin Ilvese (praegu Eesti Massaa\u017ei- ja Teraapia-) Massaa\u017eikoolis kui ka Alar Krautmani k\u00e4e all.<br \/>\nL\u00e4bitud koolituste hulgas on n\u00e4iteks: 120h l\u00fcmfimassaa\u017ei, 40h spordimassaa\u017ei, 20h tselluliidimassaa\u017ei, 10h seljamassaa\u017ei ja liigeste manipulatsiooni, 16 h ravimassaa\u017ei, 32h Yumi teraapia kursust, 20h laavakivi massaa\u017ei, 80h tai massaa\u017ei jm.<\/p>\n<p>&nbsp;<\/p>\n<p>2024. aasta m\u00e4rtsil on plaanis osaleda ortopeedilisel massaa\u017eikursusel Mai-Liis Pille k\u00e4e all, kuna soovin ennast pidevalt t\u00e4iendada ning massaa\u017eialaseid oskuseid-teadmiseid juurde saada. Teatavasti ei saa mass\u00f6\u00f6r kunagi \u201evalmis\u201c, vaid inimkeha mitmetahulisuse t\u00f5ttu on selle ala esindajatel alati teadmiseid, mida veel omandada.<\/p>\n<p>&nbsp;<\/p>\n<p>Oman massaa\u017eikabinetti Tallinna kesklinnas Keskturul ja pakun massaa\u017eiteenust ka asutuste kontorites. T\u00f6\u00f6andjate hulga on (olnud) n\u00e4iteks Veeteede Amet, Endover ASis, Tarbijakaitse Amet, Swedbank, Kaarli Hambapolikliinik jne.<\/p>\n<p>&nbsp;<\/p>\n<p>Minu erip\u00e4raks on see, et olen vaegn\u00e4gija, kuid mass\u00f6\u00f6rina v\u00f5ib sellel olla isegi eelis- inimkeha tunnetus on m\u00f5nev\u00f5rra teine n\u00e4gija omast. Ja mis peamine \u2013 naudin oma t\u00f6\u00f6d, mulle pakub suurimat r\u00f5\u00f5mu, kui olen saanud klienti massaa\u017eiga aidata- tema liigesed-lihased paremini liikuma pannud, valu \u00e4ra v\u00f5tnud v\u00f5i lihtsalt meeleolu parandanud.<\/p>\n<p>&nbsp;<\/p>\n<p>Seega- olete alati oodatud minu kabinetti, v\u00f5tan Teid r\u00f5\u00f5muga alati vastu!<\/p>\n<p>&nbsp;<\/p>\n<p>Telefon: 555 77 564 (suhtluskeeled eesti, vene)[\/vc_column_text][vc_empty_space height=&#187;15px&#187;]<span class='q_social_icon_holder circle_social' data-color=#fdf5ea ><a itemprop='url' href='https:\/\/www.facebook.com\/massoormisha ' target='_blank'><span class='fa-stack fa-lg' style='background-color: #28373b;'><i class=\"qode_icon_font_awesome fa fa-facebook \" style=\"color: #fdf5ea;\" ><\/i><\/span><\/a><\/span>[vc_empty_space height=&#187;65px&#187;][\/vc_column][\/vc_row]<\/p>\n<\/div>","protected":false},"excerpt":{"rendered":"<p>[vc_row css_animation=&#187;&#187; row_type=&#187;row&#187; use_row_as_full_screen_section=&#187;no&#187; type=&#187;grid&#187; angled_section=&#187;no&#187; text_align=&#187;left&#187; background_image_as_pattern=&#187;without_pattern&#187; z_index=&#187;&#187; padding_top=&#187;80&#8243; padding_bottom=&#187;80&#8243;][vc_column width=&#187;1\/2&#8243;][vc_single_image image=&#187;7&#8243; img_size=&#187;full&#187; qode_css_animation=&#187;&#187;][vc_empty_space height=&#187;38px&#187;][vc_column_text css=&#187;&#187;] P\u00e4ivi [\/vc_column_text][vc_empty_space height=&#187;19px&#187;][vc_column_text css=&#187;&#187;]Tere! &nbsp; Minu nimi on P\u00e4ivi Randver, olen noormass\u00f6\u00f6r, kes on \u00e4sja l\u00f5petanud on-site, klassikalise ja tai massaa\u017ei kursused, tudeerin hetkel Eesti Teraapia- ja Massaa\u017eikoolis&#8230;<\/p>\n","protected":false},"author":1,"featured_media":0,"parent":0,"menu_order":0,"comment_status":"closed","ping_status":"closed","template":"full_width.php","meta":{"footnotes":""},"class_list":["post-108","page","type-page","status-publish","hentry"],"yoast_head":"<!-- This site is optimized with the Yoast SEO plugin v24.3 - https:\/\/yoast.com\/wordpress\/plugins\/seo\/ -->\n<title>Mass\u00f6\u00f6rid | massaaztallinnas.ee<\/title>\n<meta name=\"description\" content=\"Professionaalsed mass\u00f6\u00f6rid Tallinna kesklinnas, kes pakuvad tervendavaid ja l\u00f5\u00f5gastavaid massaa\u017ee. Omavad kutsetunnistusi. Tasuta parkimisv\u00f5imalus. V\u00f5imalik korraldada massaa\u017ee ka teie kontoris t\u00f6\u00f6tajatele.\" \/>\n<meta name=\"robots\" content=\"index, follow, max-snippet:-1, max-image-preview:large, max-video-preview:-1\" \/>\n<link rel=\"canonical\" href=\"https:\/\/massaaztallinnas.ee\/ru\/massoorid\/\" \/>\n<meta property=\"og:locale\" content=\"ru_RU\" \/>\n<meta property=\"og:type\" content=\"article\" \/>\n<meta property=\"og:title\" content=\"Mass\u00f6\u00f6rid | massaaztallinnas.ee\" \/>\n<meta property=\"og:description\" content=\"Professionaalsed mass\u00f6\u00f6rid Tallinna kesklinnas, kes pakuvad tervendavaid ja l\u00f5\u00f5gastavaid massaa\u017ee. Omavad kutsetunnistusi. Tasuta parkimisv\u00f5imalus. V\u00f5imalik korraldada massaa\u017ee ka teie kontoris t\u00f6\u00f6tajatele.\" \/>\n<meta property=\"og:url\" content=\"https:\/\/massaaztallinnas.ee\/ru\/massoorid\/\" \/>\n<meta property=\"og:site_name\" content=\"massaaztallinnas.ee\" \/>\n<meta property=\"article:modified_time\" content=\"2025-07-07T15:11:46+00:00\" \/>\n<meta property=\"og:image\" content=\"https:\/\/massaaztallinnas.ee\/wp-content\/uploads\/2024\/08\/IMG_9441.jpeg\" \/>\n\t<meta property=\"og:image:width\" content=\"480\" \/>\n\t<meta property=\"og:image:height\" content=\"574\" \/>\n\t<meta property=\"og:image:type\" content=\"image\/jpeg\" \/>\n<meta name=\"twitter:card\" content=\"summary_large_image\" \/>\n<meta name=\"twitter:label1\" content=\"\u041f\u0440\u0438\u043c\u0435\u0440\u043d\u043e\u0435 \u0432\u0440\u0435\u043c\u044f \u0434\u043b\u044f \u0447\u0442\u0435\u043d\u0438\u044f\" \/>\n\t<meta name=\"twitter:data1\" content=\"3 \u043c\u0438\u043d\u0443\u0442\u044b\" \/>\n<script type=\"application\/ld+json\" class=\"yoast-schema-graph\">{\"@context\":\"https:\/\/schema.org\",\"@graph\":[{\"@type\":\"WebPage\",\"@id\":\"https:\/\/massaaztallinnas.ee\/ru\/massoorid\/\",\"url\":\"https:\/\/massaaztallinnas.ee\/ru\/massoorid\/\",\"name\":\"Mass\u00f6\u00f6rid | massaaztallinnas.ee\",\"isPartOf\":{\"@id\":\"https:\/\/massaaztallinnas.ee\/ru\/#website\"},\"datePublished\":\"2024-04-22T09:48:44+00:00\",\"dateModified\":\"2025-07-07T15:11:46+00:00\",\"description\":\"Professionaalsed mass\u00f6\u00f6rid Tallinna kesklinnas, kes pakuvad tervendavaid ja l\u00f5\u00f5gastavaid massaa\u017ee. Omavad kutsetunnistusi. Tasuta parkimisv\u00f5imalus. V\u00f5imalik korraldada massaa\u017ee ka teie kontoris t\u00f6\u00f6tajatele.\",\"breadcrumb\":{\"@id\":\"https:\/\/massaaztallinnas.ee\/ru\/massoorid\/#breadcrumb\"},\"inLanguage\":\"ru-RU\",\"potentialAction\":[{\"@type\":\"ReadAction\",\"target\":[[\"https:\/\/massaaztallinnas.ee\/ru\/massoorid\/\"]]}]},{\"@type\":\"BreadcrumbList\",\"@id\":\"https:\/\/massaaztallinnas.ee\/ru\/massoorid\/#breadcrumb\",\"itemListElement\":[{\"@type\":\"ListItem\",\"position\":1,\"name\":\"Home\",\"item\":\"https:\/\/massaaztallinnas.ee\/ru\/\"},{\"@type\":\"ListItem\",\"position\":2,\"name\":\"Mass\u00f6\u00f6rid\"}]},{\"@type\":\"WebSite\",\"@id\":\"https:\/\/massaaztallinnas.ee\/ru\/#website\",\"url\":\"https:\/\/massaaztallinnas.ee\/ru\/\",\"name\":\"massaaztallinnas.ee\",\"description\":\"\",\"potentialAction\":[{\"@type\":\"SearchAction\",\"target\":{\"@type\":\"EntryPoint\",\"urlTemplate\":\"https:\/\/massaaztallinnas.ee\/ru\/?s={search_term_string}\"},\"query-input\":{\"@type\":\"PropertyValueSpecification\",\"valueRequired\":true,\"valueName\":\"search_term_string\"}}],\"inLanguage\":\"ru-RU\"}]}<\/script>\n<!-- \/ Yoast SEO plugin. -->","yoast_head_json":{"title":"Mass\u00f6\u00f6rid | massaaztallinnas.ee","description":"Professionaalsed mass\u00f6\u00f6rid Tallinna kesklinnas, kes pakuvad tervendavaid ja l\u00f5\u00f5gastavaid massaa\u017ee. Omavad kutsetunnistusi. Tasuta parkimisv\u00f5imalus. V\u00f5imalik korraldada massaa\u017ee ka teie kontoris t\u00f6\u00f6tajatele.","robots":{"index":"index","follow":"follow","max-snippet":"max-snippet:-1","max-image-preview":"max-image-preview:large","max-video-preview":"max-video-preview:-1"},"canonical":"https:\/\/massaaztallinnas.ee\/ru\/massoorid\/","og_locale":"ru_RU","og_type":"article","og_title":"Mass\u00f6\u00f6rid | massaaztallinnas.ee","og_description":"Professionaalsed mass\u00f6\u00f6rid Tallinna kesklinnas, kes pakuvad tervendavaid ja l\u00f5\u00f5gastavaid massaa\u017ee. Omavad kutsetunnistusi. Tasuta parkimisv\u00f5imalus. V\u00f5imalik korraldada massaa\u017ee ka teie kontoris t\u00f6\u00f6tajatele.","og_url":"https:\/\/massaaztallinnas.ee\/ru\/massoorid\/","og_site_name":"massaaztallinnas.ee","article_modified_time":"2025-07-07T15:11:46+00:00","og_image":[{"width":480,"height":574,"url":"https:\/\/massaaztallinnas.ee\/wp-content\/uploads\/2024\/08\/IMG_9441.jpeg","type":"image\/jpeg"}],"twitter_card":"summary_large_image","twitter_misc":{"\u041f\u0440\u0438\u043c\u0435\u0440\u043d\u043e\u0435 \u0432\u0440\u0435\u043c\u044f \u0434\u043b\u044f \u0447\u0442\u0435\u043d\u0438\u044f":"3 \u043c\u0438\u043d\u0443\u0442\u044b"},"schema":{"@context":"https:\/\/schema.org","@graph":[{"@type":"WebPage","@id":"https:\/\/massaaztallinnas.ee\/ru\/massoorid\/","url":"https:\/\/massaaztallinnas.ee\/ru\/massoorid\/","name":"Mass\u00f6\u00f6rid | massaaztallinnas.ee","isPartOf":{"@id":"https:\/\/massaaztallinnas.ee\/ru\/#website"},"datePublished":"2024-04-22T09:48:44+00:00","dateModified":"2025-07-07T15:11:46+00:00","description":"Professionaalsed mass\u00f6\u00f6rid Tallinna kesklinnas, kes pakuvad tervendavaid ja l\u00f5\u00f5gastavaid massaa\u017ee. Omavad kutsetunnistusi. Tasuta parkimisv\u00f5imalus. V\u00f5imalik korraldada massaa\u017ee ka teie kontoris t\u00f6\u00f6tajatele.","breadcrumb":{"@id":"https:\/\/massaaztallinnas.ee\/ru\/massoorid\/#breadcrumb"},"inLanguage":"ru-RU","potentialAction":[{"@type":"ReadAction","target":[["https:\/\/massaaztallinnas.ee\/ru\/massoorid\/"]]}]},{"@type":"BreadcrumbList","@id":"https:\/\/massaaztallinnas.ee\/ru\/massoorid\/#breadcrumb","itemListElement":[{"@type":"ListItem","position":1,"name":"Home","item":"https:\/\/massaaztallinnas.ee\/ru\/"},{"@type":"ListItem","position":2,"name":"Mass\u00f6\u00f6rid"}]},{"@type":"WebSite","@id":"https:\/\/massaaztallinnas.ee\/ru\/#website","url":"https:\/\/massaaztallinnas.ee\/ru\/","name":"massaaztallinnas.ee","description":"","potentialAction":[{"@type":"SearchAction","target":{"@type":"EntryPoint","urlTemplate":"https:\/\/massaaztallinnas.ee\/ru\/?s={search_term_string}"},"query-input":{"@type":"PropertyValueSpecification","valueRequired":true,"valueName":"search_term_string"}}],"inLanguage":"ru-RU"}]}},"_links":{"self":[{"href":"https:\/\/massaaztallinnas.ee\/ru\/wp-json\/wp\/v2\/pages\/108","targetHints":{"allow":["GET"]}}],"collection":[{"href":"https:\/\/massaaztallinnas.ee\/ru\/wp-json\/wp\/v2\/pages"}],"about":[{"href":"https:\/\/massaaztallinnas.ee\/ru\/wp-json\/wp\/v2\/types\/page"}],"author":[{"embeddable":true,"href":"https:\/\/massaaztallinnas.ee\/ru\/wp-json\/wp\/v2\/users\/1"}],"replies":[{"embeddable":true,"href":"https:\/\/massaaztallinnas.ee\/ru\/wp-json\/wp\/v2\/comments?post=108"}],"version-history":[{"count":5,"href":"https:\/\/massaaztallinnas.ee\/ru\/wp-json\/wp\/v2\/pages\/108\/revisions"}],"predecessor-version":[{"id":253,"href":"https:\/\/massaaztallinnas.ee\/ru\/wp-json\/wp\/v2\/pages\/108\/revisions\/253"}],"wp:attachment":[{"href":"https:\/\/massaaztallinnas.ee\/ru\/wp-json\/wp\/v2\/media?parent=108"}],"curies":[{"name":"wp","href":"https:\/\/api.w.org\/{rel}","templated":true}]}}