{"id":156,"date":"2024-04-24T18:13:32","date_gmt":"2024-04-24T15:13:32","guid":{"rendered":"https:\/\/massaaztallinnas.ee\/?page_id=156"},"modified":"2024-05-10T16:43:05","modified_gmt":"2024-05-10T13:43:05","slug":"aroomimassaaz","status":"publish","type":"page","link":"https:\/\/massaaztallinnas.ee\/ru\/aroomimassaaz\/","title":{"rendered":"Aroomimassaa\u017e"},"content":{"rendered":"<div class=\"wpb-content-wrapper\"><p>[vc_row css_animation=&#187;&#187; row_type=&#187;row&#187; use_row_as_full_screen_section=&#187;no&#187; type=&#187;grid&#187; angled_section=&#187;no&#187; text_align=&#187;left&#187; background_image_as_pattern=&#187;without_pattern&#187; z_index=&#187;&#187; padding_top=&#187;80&#8243; padding_bottom=&#187;80&#8243;][vc_column width=&#187;1\/2&#8243;][vc_column_text css=&#187;&#187;]Aroomimassaa\u017e EI OLE klassikaline massaa\u017e, mida tehakse aroomi\u00f5lidega. Tegemist on massaa\u017eiliigiga, millel on vaid talle omased v\u00f5tted ja tempo, mis on aeglane.<\/p>\n<p>&nbsp;<\/p>\n<p>Peamine eesm\u00e4rk v\u00f5tetel on l\u00f5\u00f5gastuse pakkumine, kuid tegemist ei ole pelgalt silitusv\u00f5tetest koosneva massaa\u017eiliigiga. Samas puudub selles s\u00fcgav lihast\u00f6\u00f6tlus.<br \/>\nLisaks v\u00f5tetele, mille eesm\u00e4rgiks on kehale l\u00f5\u00f5gastuse pakkumine, on aroomimassaa\u017ei puhul olulised ka eeterlikud \u00f5lid, mida seansi ajal kasutatakse.<\/p>\n<p>&nbsp;<\/p>\n<p>Kuidas valitakse massaa\u017eis kasutatavad eeterlikud \u00f5lid?<br \/>\nAlustuseks on mass\u00f6\u00f6r tutvunud erinevate eeterlike \u00f5lidega ning valinud v\u00e4lja endale meelep\u00e4rased l\u00f5hnad (nendeks on: magus apelsin, kaneel, must pipar, sidrunhein, lootos).<\/p>\n<p>&nbsp;<\/p>\n<p>Klient, kes tuleb massaa\u017ei saama valib omakorda eelnimetatud \u00f5lidest v\u00e4lja oma lemmiku(d), millega massaa\u017ei tegema hakatakse (eeterlik \u00f5li segatakse baas\u00f5liga ja kantakse massaa\u017ei k\u00e4igus nahale).<br \/>\nIgal eeterlikul \u00f5lil on oma toimed, mis omakorda lisanduvad massaa\u017eiv\u00f5tete l\u00f5\u00f5gastavale efektile.<\/p>\n<p>&nbsp;<\/p>\n<p>Kokkuv\u00f5tvalt on tegemist l\u00f5\u00f5gastust pakkuvamassaa\u017eiliigiga, mis sobib ideaalselt nt neile, kes pelgavad valu ning kelle ootused massaa\u017eile tulles on eelk\u00f5ige stressi maandamine, meelerahu leidmine, aja mahav\u00f5tmine.<\/p>\n<p>&nbsp;<\/p>\n<p><strong>N\u00e4idustused:<\/strong><br \/>\nStressiseisund, krooniline v\u00e4simus, naha elastsuse kadu, tselluliit, hingamisteede haigused, tugi-liikumisaparaadi funkts.h\u00e4ired, uneh\u00e4ired, ainevahetush\u00e4ired.<\/p>\n<p>&nbsp;<\/p>\n<p><strong>Vastun\u00e4idustused:<\/strong><br \/>\nenne p\u00e4evitamist ei tohi kasutada tsitruliste \u00f5lisid, rasedus, menustratsiooni korral ei soovita 1.-2. p\u00e4eval, p\u00e4rast oppi 3 kuu jooksul, kilpn\u00e4\u00e4rmehaigused, ps\u00fchholoogilised haigused, alkoholijoove, antibiootikumid, antidepressandid, allergiad, p\u00f5letik, luumurd, palvik, kasvajad, s\u00fcdamehaigused,astma, 36 h p\u00e4rast vaktsineerimist, vere- ja l\u00fcmfiringluse \u00e4gedad h\u00e4ired, \u00fclitugev stress[\/vc_column_text][vc_empty_space][\/vc_column][vc_column width=&#187;1\/2&#8243;][vc_single_image image=&#187;171&#8243; img_size=&#187;full&#187; css=&#187;&#187; qode_css_animation=&#187;&#187;][\/vc_column][\/vc_row]<\/p>\n<\/div>","protected":false},"excerpt":{"rendered":"<p>[vc_row css_animation=&#187;&#187; row_type=&#187;row&#187; use_row_as_full_screen_section=&#187;no&#187; type=&#187;grid&#187; angled_section=&#187;no&#187; text_align=&#187;left&#187; background_image_as_pattern=&#187;without_pattern&#187; z_index=&#187;&#187; padding_top=&#187;80&#8243; padding_bottom=&#187;80&#8243;][vc_column width=&#187;1\/2&#8243;][vc_column_text css=&#187;&#187;]Aroomimassaa\u017e EI OLE klassikaline massaa\u017e, mida tehakse aroomi\u00f5lidega. Tegemist on massaa\u017eiliigiga, millel on vaid talle omased v\u00f5tted ja tempo, mis on aeglane. &nbsp; Peamine eesm\u00e4rk v\u00f5tetel on l\u00f5\u00f5gastuse pakkumine, kuid tegemist ei ole&#8230;<\/p>\n","protected":false},"author":1,"featured_media":0,"parent":0,"menu_order":0,"comment_status":"closed","ping_status":"closed","template":"full_width.php","meta":{"footnotes":""},"class_list":["post-156","page","type-page","status-publish","hentry"],"yoast_head":"<!-- This site is optimized with the Yoast SEO plugin v24.3 - https:\/\/yoast.com\/wordpress\/plugins\/seo\/ -->\n<title>Aroomimassaa\u017e | massaaztallinnas.ee<\/title>\n<meta name=\"description\" content=\"Naudi l\u00f5\u00f5gastavat aroomimassaa\u017ei meie salongis Tallinna kesklinnas. Aroomiteraapia massaa\u017e kasutab eeterlikke \u00f5lisid, mis edendavad tervist ja heaolu.\" \/>\n<meta name=\"robots\" content=\"index, follow, max-snippet:-1, max-image-preview:large, max-video-preview:-1\" \/>\n<link rel=\"canonical\" href=\"https:\/\/massaaztallinnas.ee\/ru\/aroomimassaaz\/\" \/>\n<meta property=\"og:locale\" content=\"ru_RU\" \/>\n<meta property=\"og:type\" content=\"article\" \/>\n<meta property=\"og:title\" content=\"Aroomimassaa\u017e | massaaztallinnas.ee\" \/>\n<meta property=\"og:description\" content=\"Naudi l\u00f5\u00f5gastavat aroomimassaa\u017ei meie salongis Tallinna kesklinnas. Aroomiteraapia massaa\u017e kasutab eeterlikke \u00f5lisid, mis edendavad tervist ja heaolu.\" \/>\n<meta property=\"og:url\" content=\"https:\/\/massaaztallinnas.ee\/ru\/aroomimassaaz\/\" \/>\n<meta property=\"og:site_name\" content=\"massaaztallinnas.ee\" \/>\n<meta property=\"article:modified_time\" content=\"2024-05-10T13:43:05+00:00\" \/>\n<meta name=\"twitter:card\" content=\"summary_large_image\" \/>\n<meta name=\"twitter:label1\" content=\"\u041f\u0440\u0438\u043c\u0435\u0440\u043d\u043e\u0435 \u0432\u0440\u0435\u043c\u044f \u0434\u043b\u044f \u0447\u0442\u0435\u043d\u0438\u044f\" \/>\n\t<meta name=\"twitter:data1\" content=\"2 \u043c\u0438\u043d\u0443\u0442\u044b\" \/>\n<script type=\"application\/ld+json\" class=\"yoast-schema-graph\">{\"@context\":\"https:\/\/schema.org\",\"@graph\":[{\"@type\":\"WebPage\",\"@id\":\"https:\/\/massaaztallinnas.ee\/ru\/aroomimassaaz\/\",\"url\":\"https:\/\/massaaztallinnas.ee\/ru\/aroomimassaaz\/\",\"name\":\"Aroomimassaa\u017e | massaaztallinnas.ee\",\"isPartOf\":{\"@id\":\"https:\/\/massaaztallinnas.ee\/ru\/#website\"},\"datePublished\":\"2024-04-24T15:13:32+00:00\",\"dateModified\":\"2024-05-10T13:43:05+00:00\",\"description\":\"Naudi l\u00f5\u00f5gastavat aroomimassaa\u017ei meie salongis Tallinna kesklinnas. Aroomiteraapia massaa\u017e kasutab eeterlikke \u00f5lisid, mis edendavad tervist ja heaolu.\",\"breadcrumb\":{\"@id\":\"https:\/\/massaaztallinnas.ee\/ru\/aroomimassaaz\/#breadcrumb\"},\"inLanguage\":\"ru-RU\",\"potentialAction\":[{\"@type\":\"ReadAction\",\"target\":[[\"https:\/\/massaaztallinnas.ee\/ru\/aroomimassaaz\/\"]]}]},{\"@type\":\"BreadcrumbList\",\"@id\":\"https:\/\/massaaztallinnas.ee\/ru\/aroomimassaaz\/#breadcrumb\",\"itemListElement\":[{\"@type\":\"ListItem\",\"position\":1,\"name\":\"Home\",\"item\":\"https:\/\/massaaztallinnas.ee\/ru\/\"},{\"@type\":\"ListItem\",\"position\":2,\"name\":\"Aroomimassaa\u017e\"}]},{\"@type\":\"WebSite\",\"@id\":\"https:\/\/massaaztallinnas.ee\/ru\/#website\",\"url\":\"https:\/\/massaaztallinnas.ee\/ru\/\",\"name\":\"massaaztallinnas.ee\",\"description\":\"\",\"potentialAction\":[{\"@type\":\"SearchAction\",\"target\":{\"@type\":\"EntryPoint\",\"urlTemplate\":\"https:\/\/massaaztallinnas.ee\/ru\/?s={search_term_string}\"},\"query-input\":{\"@type\":\"PropertyValueSpecification\",\"valueRequired\":true,\"valueName\":\"search_term_string\"}}],\"inLanguage\":\"ru-RU\"}]}<\/script>\n<!-- \/ Yoast SEO plugin. -->","yoast_head_json":{"title":"Aroomimassaa\u017e | massaaztallinnas.ee","description":"Naudi l\u00f5\u00f5gastavat aroomimassaa\u017ei meie salongis Tallinna kesklinnas. Aroomiteraapia massaa\u017e kasutab eeterlikke \u00f5lisid, mis edendavad tervist ja heaolu.","robots":{"index":"index","follow":"follow","max-snippet":"max-snippet:-1","max-image-preview":"max-image-preview:large","max-video-preview":"max-video-preview:-1"},"canonical":"https:\/\/massaaztallinnas.ee\/ru\/aroomimassaaz\/","og_locale":"ru_RU","og_type":"article","og_title":"Aroomimassaa\u017e | massaaztallinnas.ee","og_description":"Naudi l\u00f5\u00f5gastavat aroomimassaa\u017ei meie salongis Tallinna kesklinnas. Aroomiteraapia massaa\u017e kasutab eeterlikke \u00f5lisid, mis edendavad tervist ja heaolu.","og_url":"https:\/\/massaaztallinnas.ee\/ru\/aroomimassaaz\/","og_site_name":"massaaztallinnas.ee","article_modified_time":"2024-05-10T13:43:05+00:00","twitter_card":"summary_large_image","twitter_misc":{"\u041f\u0440\u0438\u043c\u0435\u0440\u043d\u043e\u0435 \u0432\u0440\u0435\u043c\u044f \u0434\u043b\u044f \u0447\u0442\u0435\u043d\u0438\u044f":"2 \u043c\u0438\u043d\u0443\u0442\u044b"},"schema":{"@context":"https:\/\/schema.org","@graph":[{"@type":"WebPage","@id":"https:\/\/massaaztallinnas.ee\/ru\/aroomimassaaz\/","url":"https:\/\/massaaztallinnas.ee\/ru\/aroomimassaaz\/","name":"Aroomimassaa\u017e | massaaztallinnas.ee","isPartOf":{"@id":"https:\/\/massaaztallinnas.ee\/ru\/#website"},"datePublished":"2024-04-24T15:13:32+00:00","dateModified":"2024-05-10T13:43:05+00:00","description":"Naudi l\u00f5\u00f5gastavat aroomimassaa\u017ei meie salongis Tallinna kesklinnas. Aroomiteraapia massaa\u017e kasutab eeterlikke \u00f5lisid, mis edendavad tervist ja heaolu.","breadcrumb":{"@id":"https:\/\/massaaztallinnas.ee\/ru\/aroomimassaaz\/#breadcrumb"},"inLanguage":"ru-RU","potentialAction":[{"@type":"ReadAction","target":[["https:\/\/massaaztallinnas.ee\/ru\/aroomimassaaz\/"]]}]},{"@type":"BreadcrumbList","@id":"https:\/\/massaaztallinnas.ee\/ru\/aroomimassaaz\/#breadcrumb","itemListElement":[{"@type":"ListItem","position":1,"name":"Home","item":"https:\/\/massaaztallinnas.ee\/ru\/"},{"@type":"ListItem","position":2,"name":"Aroomimassaa\u017e"}]},{"@type":"WebSite","@id":"https:\/\/massaaztallinnas.ee\/ru\/#website","url":"https:\/\/massaaztallinnas.ee\/ru\/","name":"massaaztallinnas.ee","description":"","potentialAction":[{"@type":"SearchAction","target":{"@type":"EntryPoint","urlTemplate":"https:\/\/massaaztallinnas.ee\/ru\/?s={search_term_string}"},"query-input":{"@type":"PropertyValueSpecification","valueRequired":true,"valueName":"search_term_string"}}],"inLanguage":"ru-RU"}]}},"_links":{"self":[{"href":"https:\/\/massaaztallinnas.ee\/ru\/wp-json\/wp\/v2\/pages\/156","targetHints":{"allow":["GET"]}}],"collection":[{"href":"https:\/\/massaaztallinnas.ee\/ru\/wp-json\/wp\/v2\/pages"}],"about":[{"href":"https:\/\/massaaztallinnas.ee\/ru\/wp-json\/wp\/v2\/types\/page"}],"author":[{"embeddable":true,"href":"https:\/\/massaaztallinnas.ee\/ru\/wp-json\/wp\/v2\/users\/1"}],"replies":[{"embeddable":true,"href":"https:\/\/massaaztallinnas.ee\/ru\/wp-json\/wp\/v2\/comments?post=156"}],"version-history":[{"count":4,"href":"https:\/\/massaaztallinnas.ee\/ru\/wp-json\/wp\/v2\/pages\/156\/revisions"}],"predecessor-version":[{"id":292,"href":"https:\/\/massaaztallinnas.ee\/ru\/wp-json\/wp\/v2\/pages\/156\/revisions\/292"}],"wp:attachment":[{"href":"https:\/\/massaaztallinnas.ee\/ru\/wp-json\/wp\/v2\/media?parent=156"}],"curies":[{"name":"wp","href":"https:\/\/api.w.org\/{rel}","templated":true}]}}